{"id":4649,"date":"2026-02-01T17:01:45","date_gmt":"2026-02-01T21:01:45","guid":{"rendered":"https:\/\/onlinemagyariskola.com\/web\/?page_id=4649"},"modified":"2026-02-02T11:19:51","modified_gmt":"2026-02-02T15:19:51","slug":"sakkpalota-program","status":"publish","type":"page","link":"https:\/\/onlinemagyariskola.com\/web\/sakkpalota-program","title":{"rendered":"Sakkpalota Program"},"content":{"rendered":"\n<figure class=\"wp-block-image size-large\"><img loading=\"lazy\" decoding=\"async\" width=\"1024\" height=\"352\" src=\"https:\/\/onlinemagyariskola.com\/web\/wp-content\/uploads\/2026\/02\/Sakkpalota_fekvo_a-e1769977780227-1024x352.jpg\" alt=\"\" class=\"wp-image-4651\" srcset=\"https:\/\/onlinemagyariskola.com\/web\/wp-content\/uploads\/2026\/02\/Sakkpalota_fekvo_a-e1769977780227-1024x352.jpg 1024w, https:\/\/onlinemagyariskola.com\/web\/wp-content\/uploads\/2026\/02\/Sakkpalota_fekvo_a-e1769977780227-300x103.jpg 300w, https:\/\/onlinemagyariskola.com\/web\/wp-content\/uploads\/2026\/02\/Sakkpalota_fekvo_a-e1769977780227-768x264.jpg 768w, https:\/\/onlinemagyariskola.com\/web\/wp-content\/uploads\/2026\/02\/Sakkpalota_fekvo_a-e1769977780227.jpg 1200w\" sizes=\"auto, (max-width: 1024px) 100vw, 1024px\" \/><\/figure>\n\n\n\n<p>2026 janu\u00e1rt\u00f3l elind\u00edtottuk Sakkpalota foglalkoz\u00e1sainkat! A program nem sz\u00e1raz sakkszab\u00e1lyokat tan\u00edt, hanem a sakkon kereszt\u00fcl\u00a0<strong>fejleszti a logik\u00e1t, a kreativit\u00e1st \u00e9s a probl\u00e9mamegold\u00f3 k\u00e9pess\u00e9get.<\/strong>\u00a0<\/p>\n\n\n\n<p>A&nbsp;Sakkpalota&nbsp;a legkisebbek sz\u00e1m\u00e1ra alkotott&nbsp;interakt\u00edv j\u00e1t\u00e9kt\u00e9r, amely a&nbsp;k\u00f6r\u00fcl\u00f6tt\u00fcnk l\u00e9v\u0151 vil\u00e1got&nbsp;jelen\u00edti meg a&nbsp;sakkt\u00e1bl\u00e1n,&nbsp;kreat\u00edv form\u00e1ban. Ez a Sakkpalota Program k\u00f6zponti eleme, amely&nbsp;\u00e1tj\u00e1r\u00e1st biztos\u00edt a&nbsp;k\u00e9pzelet, a val\u00f3s\u00e1g \u00e9s a sakk k\u00f6z\u00f6tt. A palota fant\u00e1ziavil\u00e1g\u00e1t \u00e9s meseb\u00e1b karaktereit minden id\u0151k legjobb n\u0151i sakkoz\u00f3ja, <strong>Polg\u00e1r Judit&nbsp;<\/strong>\u00e1lmodta meg.&nbsp;<\/p>\n\n\n\n<p>A program 5-8 \u00e9v k\u00f6z\u00f6tti gyerekek sz\u00e1m\u00e1ra lett kialak\u00edtva. Fontos felt\u00e9tel, hogy csak halad\u00f3 magyar nyelvtud\u00e1s\u00fa gyerekeket tudunk fogadni, akik \u00e9rtik \u00e9s tudj\u00e1k k\u00f6vetni az utas\u00edt\u00e1sokat. A programhoz nem sz\u00fcks\u00e9ges el\u0151zetes sakktud\u00e1s.&nbsp; Ez nem sakkoktat\u00e1s \u2013 hanem k\u00e9pess\u00e9gfejleszt\u00e9s, a sakk szab\u00e1ly- \u00e9s eszk\u00f6zrendszer\u00e9re \u00e9p\u00fcl\u0151 m\u00f3dszertan.<\/p>\n\n\n\n<p><strong>Csoportjaink:<\/strong><\/p>\n\n\n\n<ul class=\"wp-block-list\">\n<li><strong>kedd 11:30 EST&nbsp;<\/strong>(USA keleti part), vagyis&nbsp;<strong>17:30 CET<\/strong>&nbsp;(k\u00f6z\u00e9p-eur\u00f3pai id\u0151)<\/li>\n\n\n\n<li><strong>vas\u00e1rnap 12:00 EST&nbsp;<\/strong>(USA keleti part), vagyis&nbsp;<strong>18:00 CET&nbsp;<\/strong>(eur\u00f3pai id\u0151)<\/li>\n<\/ul>\n\n\n\n<p><strong>Tand\u00edj:<\/strong>&nbsp;$12\/\u00f3ra (40 perces foglalkoz\u00e1sok)<\/p>\n\n\n\n<p><\/p>\n","protected":false},"excerpt":{"rendered":"<p>2026 janu\u00e1rt\u00f3l elind\u00edtottuk Sakkpalota foglalkoz\u00e1sainkat! A program nem sz\u00e1raz sakkszab\u00e1lyokat [&hellip;]<\/p>\n","protected":false},"author":34,"featured_media":0,"parent":0,"menu_order":0,"comment_status":"closed","ping_status":"closed","template":"","meta":{"_exactmetrics_skip_tracking":false,"_exactmetrics_sitenote_active":false,"_exactmetrics_sitenote_note":"","_exactmetrics_sitenote_category":0,"footnotes":""},"class_list":["post-4649","page","type-page","status-publish","hentry"],"acf":[],"yoast_head":"<!-- This site is optimized with the Yoast SEO plugin v26.9 - https:\/\/yoast.com\/product\/yoast-seo-wordpress\/ -->\n<title>Sakkpalota Program - Online Magyar Iskola<\/title>\n<meta name=\"robots\" content=\"index, follow, max-snippet:-1, max-image-preview:large, max-video-preview:-1\" \/>\n<link rel=\"canonical\" href=\"https:\/\/onlinemagyariskola.com\/web\/sakkpalota-program\" \/>\n<meta property=\"og:locale\" content=\"en_US\" \/>\n<meta property=\"og:type\" content=\"article\" \/>\n<meta property=\"og:title\" content=\"Sakkpalota Program - Online Magyar Iskola\" \/>\n<meta property=\"og:description\" content=\"2026 janu\u00e1rt\u00f3l elind\u00edtottuk Sakkpalota foglalkoz\u00e1sainkat! A program nem sz\u00e1raz sakkszab\u00e1lyokat [&hellip;]\" \/>\n<meta property=\"og:url\" content=\"https:\/\/onlinemagyariskola.com\/web\/sakkpalota-program\" \/>\n<meta property=\"og:site_name\" content=\"Online Magyar Iskola\" \/>\n<meta property=\"article:modified_time\" content=\"2026-02-02T15:19:51+00:00\" \/>\n<meta property=\"og:image\" content=\"https:\/\/onlinemagyariskola.com\/web\/wp-content\/uploads\/2026\/02\/Sakkpalota_fekvo_a-e1769977780227-1024x352.jpg\" \/>\n<meta name=\"twitter:card\" content=\"summary_large_image\" \/>\n<meta name=\"twitter:label1\" content=\"Est. reading time\" \/>\n\t<meta name=\"twitter:data1\" content=\"1 minute\" \/>\n<script type=\"application\/ld+json\" class=\"yoast-schema-graph\">{\"@context\":\"https:\/\/schema.org\",\"@graph\":[{\"@type\":\"WebPage\",\"@id\":\"https:\/\/onlinemagyariskola.com\/web\/sakkpalota-program\",\"url\":\"https:\/\/onlinemagyariskola.com\/web\/sakkpalota-program\",\"name\":\"Sakkpalota Program - Online Magyar Iskola\",\"isPartOf\":{\"@id\":\"https:\/\/onlinemagyariskola.com\/web\/#website\"},\"primaryImageOfPage\":{\"@id\":\"https:\/\/onlinemagyariskola.com\/web\/sakkpalota-program#primaryimage\"},\"image\":{\"@id\":\"https:\/\/onlinemagyariskola.com\/web\/sakkpalota-program#primaryimage\"},\"thumbnailUrl\":\"https:\/\/onlinemagyariskola.com\/web\/wp-content\/uploads\/2026\/02\/Sakkpalota_fekvo_a-e1769977780227-1024x352.jpg\",\"datePublished\":\"2026-02-01T21:01:45+00:00\",\"dateModified\":\"2026-02-02T15:19:51+00:00\",\"breadcrumb\":{\"@id\":\"https:\/\/onlinemagyariskola.com\/web\/sakkpalota-program#breadcrumb\"},\"inLanguage\":\"en-US\",\"potentialAction\":[{\"@type\":\"ReadAction\",\"target\":[\"https:\/\/onlinemagyariskola.com\/web\/sakkpalota-program\"]}]},{\"@type\":\"ImageObject\",\"inLanguage\":\"en-US\",\"@id\":\"https:\/\/onlinemagyariskola.com\/web\/sakkpalota-program#primaryimage\",\"url\":\"https:\/\/onlinemagyariskola.com\/web\/wp-content\/uploads\/2026\/02\/Sakkpalota_fekvo_a-e1769977780227.jpg\",\"contentUrl\":\"https:\/\/onlinemagyariskola.com\/web\/wp-content\/uploads\/2026\/02\/Sakkpalota_fekvo_a-e1769977780227.jpg\",\"width\":1200,\"height\":412},{\"@type\":\"BreadcrumbList\",\"@id\":\"https:\/\/onlinemagyariskola.com\/web\/sakkpalota-program#breadcrumb\",\"itemListElement\":[{\"@type\":\"ListItem\",\"position\":1,\"name\":\"Home\",\"item\":\"https:\/\/onlinemagyariskola.com\/web\/\"},{\"@type\":\"ListItem\",\"position\":2,\"name\":\"Sakkpalota Program\"}]},{\"@type\":\"WebSite\",\"@id\":\"https:\/\/onlinemagyariskola.com\/web\/#website\",\"url\":\"https:\/\/onlinemagyariskola.com\/web\/\",\"name\":\"Online Magyar Iskola\",\"description\":\"Your SUPER-powered WP Engine Blog\",\"potentialAction\":[{\"@type\":\"SearchAction\",\"target\":{\"@type\":\"EntryPoint\",\"urlTemplate\":\"https:\/\/onlinemagyariskola.com\/web\/?s={search_term_string}\"},\"query-input\":{\"@type\":\"PropertyValueSpecification\",\"valueRequired\":true,\"valueName\":\"search_term_string\"}}],\"inLanguage\":\"en-US\"}]}<\/script>\n<!-- \/ Yoast SEO plugin. -->","yoast_head_json":{"title":"Sakkpalota Program - Online Magyar Iskola","robots":{"index":"index","follow":"follow","max-snippet":"max-snippet:-1","max-image-preview":"max-image-preview:large","max-video-preview":"max-video-preview:-1"},"canonical":"https:\/\/onlinemagyariskola.com\/web\/sakkpalota-program","og_locale":"en_US","og_type":"article","og_title":"Sakkpalota Program - Online Magyar Iskola","og_description":"2026 janu\u00e1rt\u00f3l elind\u00edtottuk Sakkpalota foglalkoz\u00e1sainkat! A program nem sz\u00e1raz sakkszab\u00e1lyokat [&hellip;]","og_url":"https:\/\/onlinemagyariskola.com\/web\/sakkpalota-program","og_site_name":"Online Magyar Iskola","article_modified_time":"2026-02-02T15:19:51+00:00","og_image":[{"url":"https:\/\/onlinemagyariskola.com\/web\/wp-content\/uploads\/2026\/02\/Sakkpalota_fekvo_a-e1769977780227-1024x352.jpg","type":"","width":"","height":""}],"twitter_card":"summary_large_image","twitter_misc":{"Est. reading time":"1 minute"},"schema":{"@context":"https:\/\/schema.org","@graph":[{"@type":"WebPage","@id":"https:\/\/onlinemagyariskola.com\/web\/sakkpalota-program","url":"https:\/\/onlinemagyariskola.com\/web\/sakkpalota-program","name":"Sakkpalota Program - Online Magyar Iskola","isPartOf":{"@id":"https:\/\/onlinemagyariskola.com\/web\/#website"},"primaryImageOfPage":{"@id":"https:\/\/onlinemagyariskola.com\/web\/sakkpalota-program#primaryimage"},"image":{"@id":"https:\/\/onlinemagyariskola.com\/web\/sakkpalota-program#primaryimage"},"thumbnailUrl":"https:\/\/onlinemagyariskola.com\/web\/wp-content\/uploads\/2026\/02\/Sakkpalota_fekvo_a-e1769977780227-1024x352.jpg","datePublished":"2026-02-01T21:01:45+00:00","dateModified":"2026-02-02T15:19:51+00:00","breadcrumb":{"@id":"https:\/\/onlinemagyariskola.com\/web\/sakkpalota-program#breadcrumb"},"inLanguage":"en-US","potentialAction":[{"@type":"ReadAction","target":["https:\/\/onlinemagyariskola.com\/web\/sakkpalota-program"]}]},{"@type":"ImageObject","inLanguage":"en-US","@id":"https:\/\/onlinemagyariskola.com\/web\/sakkpalota-program#primaryimage","url":"https:\/\/onlinemagyariskola.com\/web\/wp-content\/uploads\/2026\/02\/Sakkpalota_fekvo_a-e1769977780227.jpg","contentUrl":"https:\/\/onlinemagyariskola.com\/web\/wp-content\/uploads\/2026\/02\/Sakkpalota_fekvo_a-e1769977780227.jpg","width":1200,"height":412},{"@type":"BreadcrumbList","@id":"https:\/\/onlinemagyariskola.com\/web\/sakkpalota-program#breadcrumb","itemListElement":[{"@type":"ListItem","position":1,"name":"Home","item":"https:\/\/onlinemagyariskola.com\/web\/"},{"@type":"ListItem","position":2,"name":"Sakkpalota Program"}]},{"@type":"WebSite","@id":"https:\/\/onlinemagyariskola.com\/web\/#website","url":"https:\/\/onlinemagyariskola.com\/web\/","name":"Online Magyar Iskola","description":"Your SUPER-powered WP Engine Blog","potentialAction":[{"@type":"SearchAction","target":{"@type":"EntryPoint","urlTemplate":"https:\/\/onlinemagyariskola.com\/web\/?s={search_term_string}"},"query-input":{"@type":"PropertyValueSpecification","valueRequired":true,"valueName":"search_term_string"}}],"inLanguage":"en-US"}]}},"_links":{"self":[{"href":"https:\/\/onlinemagyariskola.com\/web\/wp-json\/wp\/v2\/pages\/4649","targetHints":{"allow":["GET"]}}],"collection":[{"href":"https:\/\/onlinemagyariskola.com\/web\/wp-json\/wp\/v2\/pages"}],"about":[{"href":"https:\/\/onlinemagyariskola.com\/web\/wp-json\/wp\/v2\/types\/page"}],"author":[{"embeddable":true,"href":"https:\/\/onlinemagyariskola.com\/web\/wp-json\/wp\/v2\/users\/34"}],"replies":[{"embeddable":true,"href":"https:\/\/onlinemagyariskola.com\/web\/wp-json\/wp\/v2\/comments?post=4649"}],"version-history":[{"count":2,"href":"https:\/\/onlinemagyariskola.com\/web\/wp-json\/wp\/v2\/pages\/4649\/revisions"}],"predecessor-version":[{"id":4656,"href":"https:\/\/onlinemagyariskola.com\/web\/wp-json\/wp\/v2\/pages\/4649\/revisions\/4656"}],"wp:attachment":[{"href":"https:\/\/onlinemagyariskola.com\/web\/wp-json\/wp\/v2\/media?parent=4649"}],"curies":[{"name":"wp","href":"https:\/\/api.w.org\/{rel}","templated":true}]}}