{"id":3699,"date":"2023-05-09T12:12:40","date_gmt":"2023-05-09T16:12:40","guid":{"rendered":"https:\/\/onlinemagyariskola.com\/web\/?page_id=3699"},"modified":"2023-05-09T12:33:31","modified_gmt":"2023-05-09T16:33:31","slug":"eselyegyenlosegi-es-diszkriminacio-ellenes-nyilatkozat","status":"publish","type":"page","link":"https:\/\/onlinemagyariskola.com\/web\/eselyegyenlosegi-es-diszkriminacio-ellenes-nyilatkozat","title":{"rendered":"Es\u00e9lyegyenl\u0151s\u00e9gi \u00e9s diszkrimin\u00e1ci\u00f3 ellenes nyilatkozat"},"content":{"rendered":"\n<p>Az Online Magyar Iskola legf\u0151bb k\u00fcldet\u00e9se, hogy minden gyermeknek \u00e9s feln\u0151ttnek &#8211; \u00e9ljenek a vil\u00e1g b\u00e1rmely r\u00e9sz\u00e9n &#8211; es\u00e9lyt teremtsen \u00e9s hozz\u00e1f\u00e9r\u00e9st biztos\u00edtson a magyar nyelv \u00e9s kult\u00fara megismer\u00e9s\u00e9hez, elsaj\u00e1t\u00edt\u00e1s\u00e1hoz, fejleszt\u00e9s\u00e9hez.<\/p>\n\n\n\n<p>Int\u00e9zm\u00e9ny\u00fcnk m\u0171k\u00f6d\u00e9s\u00e9ben, illetve a m\u0171k\u00f6d\u00e9s sor\u00e1n hozott int\u00e9zked\u00e9seinkben \u00e9rv\u00e9nyes\u00edtj\u00fck az egyenl\u0151 b\u00e1n\u00e1sm\u00f3d k\u00f6vetelm\u00e9nyeit: az oktat\u00e1sba t\u00f6rt\u00e9n\u0151 bekapcsol\u00f3d\u00e1s felt\u00e9teleinek meghat\u00e1roz\u00e1sakor, a felv\u00e9teli k\u00e9relmek elb\u00edr\u00e1l\u00e1sakor, az oktat\u00e1shoz kapcsol\u00f3d\u00f3 szolg\u00e1ltat\u00e1sok biztos\u00edt\u00e1sa \u00e9s ig\u00e9nybev\u00e9tele sor\u00e1n, valamint az \u00f6szt\u00f6nd\u00edjak meg\u00edt\u00e9l\u00e9sekor.\u00a0<\/p>\n\n\n\n<p>Az Online Magyar Iskola sem oktat\u00e1si, sem egy\u00e9b tev\u00e9kenys\u00e9gei sor\u00e1n nem tesz k\u00fcl\u00f6nbs\u00e9get di\u00e1kjai, tan\u00e1rai \u00e9s munkat\u00e1rsai k\u00f6z\u00f6tt faj, b\u0151rsz\u00edn, nemzeti \u00e9s etnikai sz\u00e1rmaz\u00e1s alapj\u00e1n.<\/p>\n","protected":false},"excerpt":{"rendered":"<p>Az Online Magyar Iskola legf\u0151bb k\u00fcldet\u00e9se, hogy minden gyermeknek \u00e9s [&hellip;]<\/p>\n","protected":false},"author":34,"featured_media":0,"parent":0,"menu_order":2,"comment_status":"closed","ping_status":"closed","template":"","meta":{"_exactmetrics_skip_tracking":false,"_exactmetrics_sitenote_active":false,"_exactmetrics_sitenote_note":"","_exactmetrics_sitenote_category":0,"footnotes":""},"class_list":["post-3699","page","type-page","status-publish","hentry"],"acf":[],"yoast_head":"<!-- This site is optimized with the Yoast SEO plugin v26.9 - https:\/\/yoast.com\/product\/yoast-seo-wordpress\/ -->\n<title>Es\u00e9lyegyenl\u0151s\u00e9gi \u00e9s diszkrimin\u00e1ci\u00f3 ellenes nyilatkozat - Online Magyar Iskola<\/title>\n<meta name=\"robots\" content=\"index, follow, max-snippet:-1, max-image-preview:large, max-video-preview:-1\" \/>\n<link rel=\"canonical\" href=\"https:\/\/onlinemagyariskola.com\/web\/eselyegyenlosegi-es-diszkriminacio-ellenes-nyilatkozat\" \/>\n<meta property=\"og:locale\" content=\"en_US\" \/>\n<meta property=\"og:type\" content=\"article\" \/>\n<meta property=\"og:title\" content=\"Es\u00e9lyegyenl\u0151s\u00e9gi \u00e9s diszkrimin\u00e1ci\u00f3 ellenes nyilatkozat - Online Magyar Iskola\" \/>\n<meta property=\"og:description\" content=\"Az Online Magyar Iskola legf\u0151bb k\u00fcldet\u00e9se, hogy minden gyermeknek \u00e9s [&hellip;]\" \/>\n<meta property=\"og:url\" content=\"https:\/\/onlinemagyariskola.com\/web\/eselyegyenlosegi-es-diszkriminacio-ellenes-nyilatkozat\" \/>\n<meta property=\"og:site_name\" content=\"Online Magyar Iskola\" \/>\n<meta property=\"article:modified_time\" content=\"2023-05-09T16:33:31+00:00\" \/>\n<meta property=\"og:image\" content=\"https:\/\/onlinemagyariskola.com\/web\/wp-content\/uploads\/2019\/12\/BeFunky-collage-scaled.jpg\" \/>\n\t<meta property=\"og:image:width\" content=\"2560\" \/>\n\t<meta property=\"og:image:height\" content=\"1707\" \/>\n\t<meta property=\"og:image:type\" content=\"image\/jpeg\" \/>\n<meta name=\"twitter:card\" content=\"summary_large_image\" \/>\n<meta name=\"twitter:label1\" content=\"Est. reading time\" \/>\n\t<meta name=\"twitter:data1\" content=\"1 minute\" \/>\n<script type=\"application\/ld+json\" class=\"yoast-schema-graph\">{\"@context\":\"https:\/\/schema.org\",\"@graph\":[{\"@type\":\"WebPage\",\"@id\":\"https:\/\/onlinemagyariskola.com\/web\/eselyegyenlosegi-es-diszkriminacio-ellenes-nyilatkozat\",\"url\":\"https:\/\/onlinemagyariskola.com\/web\/eselyegyenlosegi-es-diszkriminacio-ellenes-nyilatkozat\",\"name\":\"Es\u00e9lyegyenl\u0151s\u00e9gi \u00e9s diszkrimin\u00e1ci\u00f3 ellenes nyilatkozat - Online Magyar Iskola\",\"isPartOf\":{\"@id\":\"https:\/\/onlinemagyariskola.com\/web\/#website\"},\"datePublished\":\"2023-05-09T16:12:40+00:00\",\"dateModified\":\"2023-05-09T16:33:31+00:00\",\"breadcrumb\":{\"@id\":\"https:\/\/onlinemagyariskola.com\/web\/eselyegyenlosegi-es-diszkriminacio-ellenes-nyilatkozat#breadcrumb\"},\"inLanguage\":\"en-US\",\"potentialAction\":[{\"@type\":\"ReadAction\",\"target\":[\"https:\/\/onlinemagyariskola.com\/web\/eselyegyenlosegi-es-diszkriminacio-ellenes-nyilatkozat\"]}]},{\"@type\":\"BreadcrumbList\",\"@id\":\"https:\/\/onlinemagyariskola.com\/web\/eselyegyenlosegi-es-diszkriminacio-ellenes-nyilatkozat#breadcrumb\",\"itemListElement\":[{\"@type\":\"ListItem\",\"position\":1,\"name\":\"Home\",\"item\":\"https:\/\/onlinemagyariskola.com\/web\/\"},{\"@type\":\"ListItem\",\"position\":2,\"name\":\"Es\u00e9lyegyenl\u0151s\u00e9gi \u00e9s diszkrimin\u00e1ci\u00f3 ellenes nyilatkozat\"}]},{\"@type\":\"WebSite\",\"@id\":\"https:\/\/onlinemagyariskola.com\/web\/#website\",\"url\":\"https:\/\/onlinemagyariskola.com\/web\/\",\"name\":\"Online Magyar Iskola\",\"description\":\"Your SUPER-powered WP Engine Blog\",\"potentialAction\":[{\"@type\":\"SearchAction\",\"target\":{\"@type\":\"EntryPoint\",\"urlTemplate\":\"https:\/\/onlinemagyariskola.com\/web\/?s={search_term_string}\"},\"query-input\":{\"@type\":\"PropertyValueSpecification\",\"valueRequired\":true,\"valueName\":\"search_term_string\"}}],\"inLanguage\":\"en-US\"}]}<\/script>\n<!-- \/ Yoast SEO plugin. -->","yoast_head_json":{"title":"Es\u00e9lyegyenl\u0151s\u00e9gi \u00e9s diszkrimin\u00e1ci\u00f3 ellenes nyilatkozat - Online Magyar Iskola","robots":{"index":"index","follow":"follow","max-snippet":"max-snippet:-1","max-image-preview":"max-image-preview:large","max-video-preview":"max-video-preview:-1"},"canonical":"https:\/\/onlinemagyariskola.com\/web\/eselyegyenlosegi-es-diszkriminacio-ellenes-nyilatkozat","og_locale":"en_US","og_type":"article","og_title":"Es\u00e9lyegyenl\u0151s\u00e9gi \u00e9s diszkrimin\u00e1ci\u00f3 ellenes nyilatkozat - Online Magyar Iskola","og_description":"Az Online Magyar Iskola legf\u0151bb k\u00fcldet\u00e9se, hogy minden gyermeknek \u00e9s [&hellip;]","og_url":"https:\/\/onlinemagyariskola.com\/web\/eselyegyenlosegi-es-diszkriminacio-ellenes-nyilatkozat","og_site_name":"Online Magyar Iskola","article_modified_time":"2023-05-09T16:33:31+00:00","og_image":[{"width":2560,"height":1707,"url":"https:\/\/onlinemagyariskola.com\/web\/wp-content\/uploads\/2019\/12\/BeFunky-collage-scaled.jpg","type":"image\/jpeg"}],"twitter_card":"summary_large_image","twitter_misc":{"Est. reading time":"1 minute"},"schema":{"@context":"https:\/\/schema.org","@graph":[{"@type":"WebPage","@id":"https:\/\/onlinemagyariskola.com\/web\/eselyegyenlosegi-es-diszkriminacio-ellenes-nyilatkozat","url":"https:\/\/onlinemagyariskola.com\/web\/eselyegyenlosegi-es-diszkriminacio-ellenes-nyilatkozat","name":"Es\u00e9lyegyenl\u0151s\u00e9gi \u00e9s diszkrimin\u00e1ci\u00f3 ellenes nyilatkozat - Online Magyar Iskola","isPartOf":{"@id":"https:\/\/onlinemagyariskola.com\/web\/#website"},"datePublished":"2023-05-09T16:12:40+00:00","dateModified":"2023-05-09T16:33:31+00:00","breadcrumb":{"@id":"https:\/\/onlinemagyariskola.com\/web\/eselyegyenlosegi-es-diszkriminacio-ellenes-nyilatkozat#breadcrumb"},"inLanguage":"en-US","potentialAction":[{"@type":"ReadAction","target":["https:\/\/onlinemagyariskola.com\/web\/eselyegyenlosegi-es-diszkriminacio-ellenes-nyilatkozat"]}]},{"@type":"BreadcrumbList","@id":"https:\/\/onlinemagyariskola.com\/web\/eselyegyenlosegi-es-diszkriminacio-ellenes-nyilatkozat#breadcrumb","itemListElement":[{"@type":"ListItem","position":1,"name":"Home","item":"https:\/\/onlinemagyariskola.com\/web\/"},{"@type":"ListItem","position":2,"name":"Es\u00e9lyegyenl\u0151s\u00e9gi \u00e9s diszkrimin\u00e1ci\u00f3 ellenes nyilatkozat"}]},{"@type":"WebSite","@id":"https:\/\/onlinemagyariskola.com\/web\/#website","url":"https:\/\/onlinemagyariskola.com\/web\/","name":"Online Magyar Iskola","description":"Your SUPER-powered WP Engine Blog","potentialAction":[{"@type":"SearchAction","target":{"@type":"EntryPoint","urlTemplate":"https:\/\/onlinemagyariskola.com\/web\/?s={search_term_string}"},"query-input":{"@type":"PropertyValueSpecification","valueRequired":true,"valueName":"search_term_string"}}],"inLanguage":"en-US"}]}},"_links":{"self":[{"href":"https:\/\/onlinemagyariskola.com\/web\/wp-json\/wp\/v2\/pages\/3699","targetHints":{"allow":["GET"]}}],"collection":[{"href":"https:\/\/onlinemagyariskola.com\/web\/wp-json\/wp\/v2\/pages"}],"about":[{"href":"https:\/\/onlinemagyariskola.com\/web\/wp-json\/wp\/v2\/types\/page"}],"author":[{"embeddable":true,"href":"https:\/\/onlinemagyariskola.com\/web\/wp-json\/wp\/v2\/users\/34"}],"replies":[{"embeddable":true,"href":"https:\/\/onlinemagyariskola.com\/web\/wp-json\/wp\/v2\/comments?post=3699"}],"version-history":[{"count":3,"href":"https:\/\/onlinemagyariskola.com\/web\/wp-json\/wp\/v2\/pages\/3699\/revisions"}],"predecessor-version":[{"id":3707,"href":"https:\/\/onlinemagyariskola.com\/web\/wp-json\/wp\/v2\/pages\/3699\/revisions\/3707"}],"wp:attachment":[{"href":"https:\/\/onlinemagyariskola.com\/web\/wp-json\/wp\/v2\/media?parent=3699"}],"curies":[{"name":"wp","href":"https:\/\/api.w.org\/{rel}","templated":true}]}}