{"id":2910,"date":"2021-09-08T10:39:25","date_gmt":"2021-09-08T14:39:25","guid":{"rendered":"https:\/\/onlinemagyariskola.com\/web\/?page_id=2910"},"modified":"2022-08-18T15:38:28","modified_gmt":"2022-08-18T19:38:28","slug":"sakkszakkor","status":"publish","type":"page","link":"https:\/\/onlinemagyariskola.com\/web\/oktatas\/sakkszakkor","title":{"rendered":"Sakkszakk\u00f6r"},"content":{"rendered":"\n<figure class=\"wp-block-image size-large\"><img loading=\"lazy\" decoding=\"async\" width=\"1024\" height=\"307\" src=\"https:\/\/onlinemagyariskola.com\/web\/wp-content\/uploads\/2022\/08\/Sakkszakkor-Banner-1-1024x307.png\" alt=\"\" class=\"wp-image-3338\" srcset=\"https:\/\/onlinemagyariskola.com\/web\/wp-content\/uploads\/2022\/08\/Sakkszakkor-Banner-1-1024x307.png 1024w, https:\/\/onlinemagyariskola.com\/web\/wp-content\/uploads\/2022\/08\/Sakkszakkor-Banner-1-300x90.png 300w, https:\/\/onlinemagyariskola.com\/web\/wp-content\/uploads\/2022\/08\/Sakkszakkor-Banner-1-768x230.png 768w, https:\/\/onlinemagyariskola.com\/web\/wp-content\/uploads\/2022\/08\/Sakkszakkor-Banner-1-1536x461.png 1536w, https:\/\/onlinemagyariskola.com\/web\/wp-content\/uploads\/2022\/08\/Sakkszakkor-Banner-1-1320x396.png 1320w, https:\/\/onlinemagyariskola.com\/web\/wp-content\/uploads\/2022\/08\/Sakkszakkor-Banner-1.png 2000w\" sizes=\"auto, (max-width: 1024px) 100vw, 1024px\" \/><\/figure>\n\n\n\n<p>2021-t\u0151l sakkszakk\u00f6rrel is b\u0151v\u00edtett\u00fck iskol\u00e1nk profilj\u00e1t. Az \u00e9rdekl\u0151d\u0151k sz\u00e1m\u00e1ra &#8211; kiv\u00e1l\u00f3 magyar sakkoktat\u00f3 vezet\u00e9s\u00e9vel &#8211; sakkfoglalkoz\u00e1sokat k\u00edn\u00e1lunk m\u00e1r 6 \u00e9ves kort\u00f3l.<\/p>\n\n\n\n<p><strong>Mi\u00e9rt j\u00f3 sakkozni?<\/strong><\/p>\n\n\n\n<p>A sakk egy olyan szellemi sport, amely j\u00f3 hat\u00e1ssal van azokra a k\u00e9pess\u00e9gekre, amelyek a sikeres iskolai teljes\u00edtm\u00e9nyhez sz\u00fcks\u00e9gesek. A sakk felk\u00e9sz\u00edti az elm\u00e9t elvont logikai kateg\u00f3ri\u00e1k befogad\u00e1s\u00e1ra. 4 f\u0151 funkci\u00f3ja van:<\/p>\n\n\n\n<ol class=\"wp-block-list\"><li>sport&nbsp;<\/li><li>j\u00e1t\u00e9k&nbsp;<\/li><li>tudom\u00e1ny&nbsp;<\/li><li>m\u0171v\u00e9szet<\/li><\/ol>\n\n\n\n<p><\/p>\n\n\n\n<div class=\"wp-block-media-text alignwide is-stacked-on-mobile has-background\" style=\"background-color:#ccefe8\"><figure class=\"wp-block-media-text__media\"><img loading=\"lazy\" decoding=\"async\" width=\"1024\" height=\"1024\" src=\"https:\/\/onlinemagyariskola.com\/web\/wp-content\/uploads\/2022\/08\/Chess.com-os-reklam-kep-1-1024x1024.png\" alt=\"\" class=\"wp-image-3334 size-full\" srcset=\"https:\/\/onlinemagyariskola.com\/web\/wp-content\/uploads\/2022\/08\/Chess.com-os-reklam-kep-1-1024x1024.png 1024w, https:\/\/onlinemagyariskola.com\/web\/wp-content\/uploads\/2022\/08\/Chess.com-os-reklam-kep-1-300x300.png 300w, https:\/\/onlinemagyariskola.com\/web\/wp-content\/uploads\/2022\/08\/Chess.com-os-reklam-kep-1-150x150.png 150w, https:\/\/onlinemagyariskola.com\/web\/wp-content\/uploads\/2022\/08\/Chess.com-os-reklam-kep-1-768x768.png 768w, https:\/\/onlinemagyariskola.com\/web\/wp-content\/uploads\/2022\/08\/Chess.com-os-reklam-kep-1-400x400.png 400w, https:\/\/onlinemagyariskola.com\/web\/wp-content\/uploads\/2022\/08\/Chess.com-os-reklam-kep-1.png 1080w\" sizes=\"auto, (max-width: 1024px) 100vw, 1024px\" \/><\/figure><div class=\"wp-block-media-text__content\">\n<p class=\"has-text-align-center\"><strong>A sakk\u00f3r\u00e1k menete:<\/strong><\/p>\n\n\n\n<p class=\"has-background\" style=\"background-color:#ccefe8\">A gyerekeknek hetente egyszer van \u00f3r\u00e1juk. Egy foglalkoz\u00e1s 60 perces. Heti v\u00e1lt\u00e1sban: az egyik h\u00e9ten csoportos, a m\u00e1sik h\u00e9ten mag\u00e1n\u00f3r\u00e1k keret\u00e9ben zajlanak az edz\u00e9sek. A sakkoktat\u00e1s a <a href=\"http:\/\/www.chess.com\">chess.com<\/a> weboldal seg\u00edts\u00e9g\u00e9vel t\u00f6rt\u00e9nik, ahol minden di\u00e1knak regisztr\u00e1lnia kell az els\u0151 \u00f3ra el\u0151tt.<\/p>\n<\/div><\/div>\n\n\n\n<p><\/p>\n\n\n\n<p><strong>Mi\u00e9rt van az \u00f3rarend\u00fcnkben csoportos sakkfoglalkoz\u00e1s is?<\/strong><\/p>\n\n\n\n<p>A csoportos sakkfoglalkoz\u00e1snak sz\u00e1mos el\u0151nye van, amelyek sokszor h\u00e1tt\u00e9rbe szorulnak az \u00e1ltal\u00e1nos sakkoktat\u00e1sban:<\/p>\n\n\n\n<ul class=\"wp-block-list\"><li>A k\u00fcl\u00f6nb\u00f6z\u0151 j\u00e1t\u00e9kosoknak k\u00fcl\u00f6nb\u00f6z\u0151 strat\u00e9gi\u00e1juk van.<\/li><li>A gyerekek tanulnak egym\u00e1st\u00f3l, egym\u00e1s vesztes\u00e9geib\u0151l \u00e9s gy\u0151zelmeib\u0151l.<\/li><li>Bar\u00e1ts\u00e1gra serkenti a r\u00e9sztvev\u0151ket.<\/li><li>A di\u00e1koknak egym\u00e1ssal is lehet\u0151s\u00e9g\u00fck van j\u00e1tszani.<\/li><\/ul>\n\n\n\n<p>Mivel di\u00e1kjaink a sakk mellett a versenyz\u00e9st is szeretik, iskol\u00e1nk minden f\u00e9l\u00e9vben ny\u00edlt online sakkversenyt szervez, ahol minden sakkrajong\u00f3 &#8211; gyermekt\u0151l feln\u0151tt korig &#8211; pr\u00f3b\u00e1ra teheti tud\u00e1s\u00e1t, ak\u00e1r iskol\u00e1nk tanul\u00f3ja, ak\u00e1r k\u00fcls\u0151s \u00e9rdekl\u0151d\u0151.<\/p>\n\n\n\n<div class=\"wp-block-group\"><div class=\"wp-block-group__inner-container is-layout-flow wp-block-group-is-layout-flow\">\n<div class=\"wp-block-columns is-layout-flex wp-container-core-columns-is-layout-9d6595d7 wp-block-columns-is-layout-flex\">\n<div class=\"wp-block-column is-layout-flow wp-block-column-is-layout-flow\" style=\"flex-basis:100%\">\n<div class=\"wp-block-group has-background\" style=\"background-color:#ccefe8\"><div class=\"wp-block-group__inner-container is-layout-flow wp-block-group-is-layout-flow\">\n<p class=\"has-text-align-left\"><strong>Tand\u00edj:<\/strong><\/p>\n\n\n\n<ul class=\"wp-block-list\"><li>csoportos \u00f3ra: $15\/alkalom<\/li><li>mag\u00e1n\u00f3ra: $25\/alkalom<\/li><\/ul>\n\n\n\n<p>Havonta 2 csoportos, valamint 2 mag\u00e1n foglalkoz\u00e1s van, ami $80\/h\u00f3.<\/p>\n<\/div><\/div>\n<\/div>\n<\/div>\n<\/div><\/div>\n\n\n\n<p><strong>JELENTKEZ\u00c9S:<\/strong><\/p>\n\n\n\n<ul class=\"wp-block-list\"><li>OMI di\u00e1kok sz\u00e1m\u00e1ra az iskola bels\u0151 rendszer\u00e9ben (Beiratkoz\u00e1s)<\/li><li>\u00faj di\u00e1kok r\u00e9sz\u00e9re itt a <a href=\"https:\/\/onlinemagyariskola.com\/application\">jelentkez\u00e9s<\/a> gombra kattintva<\/li><\/ul>\n\n\n\n<p><\/p>\n\n\n\n<p>Tov\u00e1bbi inform\u00e1ci\u00f3k az al\u00e1bbi email c\u00edmen: <a href=\"mailto:kozma.zsuzsa@onlinemagyariskola.com\">kozma.zsuzsa@onlinemagyariskola.com<\/a><\/p>\n\n\n\n<p>V\u00e1rjuk minden sakk ir\u00e1nt \u00e9rdekl\u0151d\u0151 gyerek jelentkez\u00e9s\u00e9t 6 \u00e9vest\u0151l 18 \u00e9ves korig!<\/p>\n","protected":false},"excerpt":{"rendered":"<p>2021-t\u0151l sakkszakk\u00f6rrel is b\u0151v\u00edtett\u00fck iskol\u00e1nk profilj\u00e1t. Az \u00e9rdekl\u0151d\u0151k sz\u00e1m\u00e1ra &#8211; [&hellip;]<\/p>\n","protected":false},"author":34,"featured_media":0,"parent":1383,"menu_order":5,"comment_status":"closed","ping_status":"closed","template":"","meta":{"_exactmetrics_skip_tracking":false,"_exactmetrics_sitenote_active":false,"_exactmetrics_sitenote_note":"","_exactmetrics_sitenote_category":0,"footnotes":""},"class_list":["post-2910","page","type-page","status-publish","hentry"],"acf":[],"yoast_head":"<!-- This site is optimized with the Yoast SEO plugin v26.9 - https:\/\/yoast.com\/product\/yoast-seo-wordpress\/ -->\n<title>Sakkszakk\u00f6r - Online Magyar Iskola<\/title>\n<meta name=\"robots\" content=\"index, follow, max-snippet:-1, max-image-preview:large, max-video-preview:-1\" \/>\n<link rel=\"canonical\" href=\"https:\/\/onlinemagyariskola.com\/web\/oktatas\/sakkszakkor\" \/>\n<meta property=\"og:locale\" content=\"en_US\" \/>\n<meta property=\"og:type\" content=\"article\" \/>\n<meta property=\"og:title\" content=\"Sakkszakk\u00f6r - Online Magyar Iskola\" \/>\n<meta property=\"og:description\" content=\"2021-t\u0151l sakkszakk\u00f6rrel is b\u0151v\u00edtett\u00fck iskol\u00e1nk profilj\u00e1t. Az \u00e9rdekl\u0151d\u0151k sz\u00e1m\u00e1ra &#8211; [&hellip;]\" \/>\n<meta property=\"og:url\" content=\"https:\/\/onlinemagyariskola.com\/web\/oktatas\/sakkszakkor\" \/>\n<meta property=\"og:site_name\" content=\"Online Magyar Iskola\" \/>\n<meta property=\"article:modified_time\" content=\"2022-08-18T19:38:28+00:00\" \/>\n<meta property=\"og:image\" content=\"https:\/\/onlinemagyariskola.com\/web\/wp-content\/uploads\/2022\/08\/Sakkszakkor-Banner-1-1024x307.png\" \/>\n<meta name=\"twitter:card\" content=\"summary_large_image\" \/>\n<meta name=\"twitter:label1\" content=\"Est. reading time\" \/>\n\t<meta name=\"twitter:data1\" content=\"2 minutes\" \/>\n<script type=\"application\/ld+json\" class=\"yoast-schema-graph\">{\"@context\":\"https:\/\/schema.org\",\"@graph\":[{\"@type\":\"WebPage\",\"@id\":\"https:\/\/onlinemagyariskola.com\/web\/oktatas\/sakkszakkor\",\"url\":\"https:\/\/onlinemagyariskola.com\/web\/oktatas\/sakkszakkor\",\"name\":\"Sakkszakk\u00f6r - Online Magyar Iskola\",\"isPartOf\":{\"@id\":\"https:\/\/onlinemagyariskola.com\/web\/#website\"},\"primaryImageOfPage\":{\"@id\":\"https:\/\/onlinemagyariskola.com\/web\/oktatas\/sakkszakkor#primaryimage\"},\"image\":{\"@id\":\"https:\/\/onlinemagyariskola.com\/web\/oktatas\/sakkszakkor#primaryimage\"},\"thumbnailUrl\":\"https:\/\/onlinemagyariskola.com\/web\/wp-content\/uploads\/2022\/08\/Sakkszakkor-Banner-1-1024x307.png\",\"datePublished\":\"2021-09-08T14:39:25+00:00\",\"dateModified\":\"2022-08-18T19:38:28+00:00\",\"breadcrumb\":{\"@id\":\"https:\/\/onlinemagyariskola.com\/web\/oktatas\/sakkszakkor#breadcrumb\"},\"inLanguage\":\"en-US\",\"potentialAction\":[{\"@type\":\"ReadAction\",\"target\":[\"https:\/\/onlinemagyariskola.com\/web\/oktatas\/sakkszakkor\"]}]},{\"@type\":\"ImageObject\",\"inLanguage\":\"en-US\",\"@id\":\"https:\/\/onlinemagyariskola.com\/web\/oktatas\/sakkszakkor#primaryimage\",\"url\":\"https:\/\/onlinemagyariskola.com\/web\/wp-content\/uploads\/2022\/08\/Sakkszakkor-Banner-1.png\",\"contentUrl\":\"https:\/\/onlinemagyariskola.com\/web\/wp-content\/uploads\/2022\/08\/Sakkszakkor-Banner-1.png\",\"width\":2000,\"height\":600},{\"@type\":\"BreadcrumbList\",\"@id\":\"https:\/\/onlinemagyariskola.com\/web\/oktatas\/sakkszakkor#breadcrumb\",\"itemListElement\":[{\"@type\":\"ListItem\",\"position\":1,\"name\":\"Home\",\"item\":\"https:\/\/onlinemagyariskola.com\/web\/\"},{\"@type\":\"ListItem\",\"position\":2,\"name\":\"Oktat\u00e1s\",\"item\":\"https:\/\/onlinemagyariskola.com\/web\/oktatas\"},{\"@type\":\"ListItem\",\"position\":3,\"name\":\"Sakkszakk\u00f6r\"}]},{\"@type\":\"WebSite\",\"@id\":\"https:\/\/onlinemagyariskola.com\/web\/#website\",\"url\":\"https:\/\/onlinemagyariskola.com\/web\/\",\"name\":\"Online Magyar Iskola\",\"description\":\"Your SUPER-powered WP Engine Blog\",\"potentialAction\":[{\"@type\":\"SearchAction\",\"target\":{\"@type\":\"EntryPoint\",\"urlTemplate\":\"https:\/\/onlinemagyariskola.com\/web\/?s={search_term_string}\"},\"query-input\":{\"@type\":\"PropertyValueSpecification\",\"valueRequired\":true,\"valueName\":\"search_term_string\"}}],\"inLanguage\":\"en-US\"}]}<\/script>\n<!-- \/ Yoast SEO plugin. -->","yoast_head_json":{"title":"Sakkszakk\u00f6r - Online Magyar Iskola","robots":{"index":"index","follow":"follow","max-snippet":"max-snippet:-1","max-image-preview":"max-image-preview:large","max-video-preview":"max-video-preview:-1"},"canonical":"https:\/\/onlinemagyariskola.com\/web\/oktatas\/sakkszakkor","og_locale":"en_US","og_type":"article","og_title":"Sakkszakk\u00f6r - Online Magyar Iskola","og_description":"2021-t\u0151l sakkszakk\u00f6rrel is b\u0151v\u00edtett\u00fck iskol\u00e1nk profilj\u00e1t. Az \u00e9rdekl\u0151d\u0151k sz\u00e1m\u00e1ra &#8211; [&hellip;]","og_url":"https:\/\/onlinemagyariskola.com\/web\/oktatas\/sakkszakkor","og_site_name":"Online Magyar Iskola","article_modified_time":"2022-08-18T19:38:28+00:00","og_image":[{"url":"https:\/\/onlinemagyariskola.com\/web\/wp-content\/uploads\/2022\/08\/Sakkszakkor-Banner-1-1024x307.png","type":"","width":"","height":""}],"twitter_card":"summary_large_image","twitter_misc":{"Est. reading time":"2 minutes"},"schema":{"@context":"https:\/\/schema.org","@graph":[{"@type":"WebPage","@id":"https:\/\/onlinemagyariskola.com\/web\/oktatas\/sakkszakkor","url":"https:\/\/onlinemagyariskola.com\/web\/oktatas\/sakkszakkor","name":"Sakkszakk\u00f6r - Online Magyar Iskola","isPartOf":{"@id":"https:\/\/onlinemagyariskola.com\/web\/#website"},"primaryImageOfPage":{"@id":"https:\/\/onlinemagyariskola.com\/web\/oktatas\/sakkszakkor#primaryimage"},"image":{"@id":"https:\/\/onlinemagyariskola.com\/web\/oktatas\/sakkszakkor#primaryimage"},"thumbnailUrl":"https:\/\/onlinemagyariskola.com\/web\/wp-content\/uploads\/2022\/08\/Sakkszakkor-Banner-1-1024x307.png","datePublished":"2021-09-08T14:39:25+00:00","dateModified":"2022-08-18T19:38:28+00:00","breadcrumb":{"@id":"https:\/\/onlinemagyariskola.com\/web\/oktatas\/sakkszakkor#breadcrumb"},"inLanguage":"en-US","potentialAction":[{"@type":"ReadAction","target":["https:\/\/onlinemagyariskola.com\/web\/oktatas\/sakkszakkor"]}]},{"@type":"ImageObject","inLanguage":"en-US","@id":"https:\/\/onlinemagyariskola.com\/web\/oktatas\/sakkszakkor#primaryimage","url":"https:\/\/onlinemagyariskola.com\/web\/wp-content\/uploads\/2022\/08\/Sakkszakkor-Banner-1.png","contentUrl":"https:\/\/onlinemagyariskola.com\/web\/wp-content\/uploads\/2022\/08\/Sakkszakkor-Banner-1.png","width":2000,"height":600},{"@type":"BreadcrumbList","@id":"https:\/\/onlinemagyariskola.com\/web\/oktatas\/sakkszakkor#breadcrumb","itemListElement":[{"@type":"ListItem","position":1,"name":"Home","item":"https:\/\/onlinemagyariskola.com\/web\/"},{"@type":"ListItem","position":2,"name":"Oktat\u00e1s","item":"https:\/\/onlinemagyariskola.com\/web\/oktatas"},{"@type":"ListItem","position":3,"name":"Sakkszakk\u00f6r"}]},{"@type":"WebSite","@id":"https:\/\/onlinemagyariskola.com\/web\/#website","url":"https:\/\/onlinemagyariskola.com\/web\/","name":"Online Magyar Iskola","description":"Your SUPER-powered WP Engine Blog","potentialAction":[{"@type":"SearchAction","target":{"@type":"EntryPoint","urlTemplate":"https:\/\/onlinemagyariskola.com\/web\/?s={search_term_string}"},"query-input":{"@type":"PropertyValueSpecification","valueRequired":true,"valueName":"search_term_string"}}],"inLanguage":"en-US"}]}},"_links":{"self":[{"href":"https:\/\/onlinemagyariskola.com\/web\/wp-json\/wp\/v2\/pages\/2910","targetHints":{"allow":["GET"]}}],"collection":[{"href":"https:\/\/onlinemagyariskola.com\/web\/wp-json\/wp\/v2\/pages"}],"about":[{"href":"https:\/\/onlinemagyariskola.com\/web\/wp-json\/wp\/v2\/types\/page"}],"author":[{"embeddable":true,"href":"https:\/\/onlinemagyariskola.com\/web\/wp-json\/wp\/v2\/users\/34"}],"replies":[{"embeddable":true,"href":"https:\/\/onlinemagyariskola.com\/web\/wp-json\/wp\/v2\/comments?post=2910"}],"version-history":[{"count":12,"href":"https:\/\/onlinemagyariskola.com\/web\/wp-json\/wp\/v2\/pages\/2910\/revisions"}],"predecessor-version":[{"id":3347,"href":"https:\/\/onlinemagyariskola.com\/web\/wp-json\/wp\/v2\/pages\/2910\/revisions\/3347"}],"up":[{"embeddable":true,"href":"https:\/\/onlinemagyariskola.com\/web\/wp-json\/wp\/v2\/pages\/1383"}],"wp:attachment":[{"href":"https:\/\/onlinemagyariskola.com\/web\/wp-json\/wp\/v2\/media?parent=2910"}],"curies":[{"name":"wp","href":"https:\/\/api.w.org\/{rel}","templated":true}]}}