{"id":1682,"date":"2020-01-02T21:09:12","date_gmt":"2020-01-02T21:09:03","guid":{"rendered":"https:\/\/onlinemagyariskola.com\/web\/?page_id=1682"},"modified":"2024-06-12T11:03:38","modified_gmt":"2024-06-12T15:03:38","slug":"interaktiv-feladatlapok","status":"publish","type":"page","link":"https:\/\/onlinemagyariskola.com\/web\/oktatas\/interaktiv-feladatlapok","title":{"rendered":"Online feladatok"},"content":{"rendered":"\n<h2 class=\"wp-block-heading\"><a href=\"https:\/\/view.genial.ly\/655b7a551694e8001177dd67\">Adventi kalend\u00e1rium<\/a><\/h2>\n\n\n\n<h2 class=\"wp-block-heading\">\u00cdr\u00e1s-olvas\u00e1s, sz\u00f6veg\u00e9rt\u00e9s<\/h2>\n\n\n\n<p><a href=\"https:\/\/wordwall.net\/play\/708\/724\/717\" target=\"_blank\" rel=\"noreferrer noopener\" aria-label=\" (opens in a new tab)\">Alkoss \u00f6sszetett szavakat!<\/a><\/p>\n\n\n\n<p><a href=\"https:\/\/learningapps.org\/watch?v=pahbo4ks217&amp;fbclid=IwAR2BRN2ek5MPy9LaemTlcpkyqlUYUCGzpJzHVOOQhVsj2EGYw4QvodRPr48\" target=\"_blank\" rel=\"noreferrer noopener\" aria-label=\" (opens in a new tab)\">Helyes\u00edr\u00e1s gyakorl\u00e1s<\/a><\/p>\n\n\n\n<p><a href=\"https:\/\/learningapps.org\/watch?v=ppnfojrca20&amp;fbclid=IwAR2HYIYI1jOc00ed1qN39fqux3VnfU_3p4229MRbsiy_pqltyN_T8ui59wY\" target=\"_blank\" rel=\"noreferrer noopener\" aria-label=\" (opens in a new tab)\">K\u00e9tjegy\u0171 m\u00e1ssalhangz\u00f3k gyakorl\u00e1sa<\/a><\/p>\n\n\n\n<p><a href=\"https:\/\/learningapps.org\/watch?v=p8khpw4y317&amp;fbclid=IwAR147J_YHQMMST4lPJIsxb7pnZyScKvhNUTjNyoIESFHIpwQnpGH1d8qEaE\" target=\"_blank\" rel=\"noreferrer noopener\">Mag\u00e1nhangz\u00f3k &#8211; m\u00e1ssalhangz\u00f3k<\/a><\/p>\n\n\n\n<p><a href=\"https:\/\/forms.gle\/DWuUjqRaXpEeGNDT9\">A kis g\u00f6mb\u00f6c n\u00e9pmese kih\u00edv\u00e1s<\/a><\/p>\n\n\n\n<h2 class=\"wp-block-heading\">Sz\u00f3kincsb\u0151v\u00edt\u00e9s<\/h2>\n\n\n\n<p><a href=\"https:\/\/wordwall.net\/hu\/resource\/66625105\/magyar\/ellent%c3%a9tek\">Ellent\u00e9tp\u00e1rok<\/a><\/p>\n\n\n\n<p><a href=\"https:\/\/wordwall.net\/play\/39258\/232\/548?fbclid=IwAR1DdNsBhk4B_ALHxgfVoUbX5GDuykg1AxT1fXJFa1wXIa4GmKhugPuw5vw\" target=\"_blank\" rel=\"noreferrer noopener\">Kar\u00e1csonyi sz\u00f3kincs<\/a><\/p>\n\n\n\n<p><a href=\"https:\/\/wordwall.net\/play\/68622\/912\/972\">\u00c9telek<\/a><\/p>\n\n\n\n<p><a href=\"https:\/\/wordwall.net\/play\/3833\/155\/512?fbclid=IwAR0coySRZahyPtXSk51i6_dN9pQOe0FF34B-sfiFHjit_KqAqgXoJGEMM3Q\" target=\"_blank\" rel=\"noreferrer noopener\">Csoportos\u00edts sz\u00ednek szerint!<\/a><\/p>\n\n\n\n<p><a href=\"https:\/\/wordwall.net\/play\/72809\/364\/675?fbclid=IwZXh0bgNhZW0CMTEAAR0AaAvKK0piwMxFKSAAdAUuBkfKzrc2lY-SavCXZfMOAZILua9VirhTjGI_aem_AbKmgaCoitwbCiIELBuGk9M614XESXxLpNUA5G1IdY39PflpPz2zNFj3fCwtzciJ5AmrNwm7PWlmGiw_VWizCDBa\">Mi ez a sport?<\/a><\/p>\n\n\n\n<h2 class=\"wp-block-heading\">Magyar mint idegen nyelv<\/h2>\n\n\n\n<p><a href=\"https:\/\/wordwall.net\/play\/73708\/494\/324\" target=\"_blank\" rel=\"noreferrer noopener\">\u00c9vszakok, h\u00f3napok<\/a><\/p>\n\n\n\n<p><a href=\"https:\/\/wordwall.net\/play\/959\/620\/503?fbclid=IwAR3MrbzqZNsbPsEbSyTasU4xLl1kSKdR0oU7LQm4VDbtCEcScmd7tYpHOPo\" target=\"_blank\" rel=\"noreferrer noopener\">Igek\u00f6t\u0151s ig\u00e9k<\/a><\/p>\n\n\n\n<p><a href=\"https:\/\/wordwall.net\/play\/31776\/969\/576\">Egyes sz\u00e1m &#8211; t\u00f6bbes sz\u00e1m p\u00e1ros\u00edt\u00f3<\/a><\/p>\n\n\n\n<p><a href=\"https:\/\/wordwall.net\/hu\/resource\/28992301\/hangrend\" target=\"_blank\" rel=\"noreferrer noopener\">Hangrend<\/a><\/p>\n\n\n\n<p><a href=\"https:\/\/wordwall.net\/play\/68950\/171\/234\">K\u00f6zleked\u00e9si eszk\u00f6z\u00f6k<\/a><\/p>\n\n\n\n<h2 class=\"wp-block-heading\">Magyar irodalom<\/h2>\n\n\n\n<p><a href=\"https:\/\/learningapps.org\/watch?v=phq2q7adc20&amp;fbclid=IwAR0f9ZSNz_1NparSmqIRTa5o6t0qcFVPmg31usfJ6gIMCg-25NDMfLh6E-I\" target=\"_blank\" rel=\"noreferrer noopener\">Zelk Zolt\u00e1n: A h\u00e1rom ny\u00fal<\/a><\/p>\n\n\n\n<p><a href=\"https:\/\/www.jigsawplanet.com\/?rc=play&amp;pid=23dfc63b10ed&amp;fbclid=IwAR0ESoga9eoEu_8XJmBzxb8eGf_6euTnvDSpUYoWT-bWPM_N-QY-GQhYGHU\" target=\"_blank\" rel=\"noreferrer noopener\" aria-label=\" (opens in a new tab)\">Verstanul\u00e1s &#8211; Himnusz 1.<\/a><\/p>\n\n\n\n<p><a href=\"https:\/\/wordwall.net\/play\/764\/735\/693?fbclid=IwAR0A9Xg3gbrawhX9k7VWMaTduvyjVzBoDJp-Tr3ftBZPxwNdfEq9Y8vEv1E\" target=\"_blank\" rel=\"noreferrer noopener\" aria-label=\" (opens in a new tab)\">Verstanul\u00e1s &#8211; Himnusz 2.<\/a><\/p>\n\n\n\n<p><a href=\"https:\/\/wordwall.net\/hu\/resource\/12678209\/nemzeti-dal-pet%c5%91fi-s%c3%a1ndor\" target=\"_blank\" rel=\"noreferrer noopener\">Pet\u0151fi S\u00e1ndor: Nemzeti dal<\/a><\/p>\n\n\n\n<p><a href=\"https:\/\/learningapps.org\/watch?v=pconnsnkk24&amp;fbclid=IwZXh0bgNhZW0CMTAAAR0SwUyUNInJQ4c0LFj7BOxe74bcuBj-aXaN5HItEAoF_QzegUITptERAzM_aem_AbLiLGqaZxZv97bLW54OZEoKiVye9jZwBb6KBOPOyN1cURuIcmRIE_VgD7zFRWmuLJVAadroBVLXNuzNintZjlsb\">Keresd meg a k\u00f6lt\u0151kh\u00f6z tartoz\u00f3 verseket!<\/a><\/p>\n\n\n\n<h2 class=\"wp-block-heading\">Magyar kult\u00fara, hagyom\u00e1nyok, orsz\u00e1gismeret<\/h2>\n\n\n\n<p><a href=\"https:\/\/learningapps.org\/watch?v=pnryrk4k518&amp;fbclid=IwAR0y1RhTR4k2EiRI3EQBdAQkkMjhQj9iL0UhjKtdLOwVrU0ApgAI2rk4as0\" target=\"_blank\" rel=\"noreferrer noopener\">N\u00e9pviseletek<\/a><\/p>\n\n\n\n<p><a href=\"https:\/\/view.genially.com\/5ebcf282b7beef0d864f0f78\">Budapesti k\u00f3dfejt\u00e9s<\/a><\/p>\n\n\n\n<p><a href=\"https:\/\/learningapps.org\/watch?v=psa30bsw318\" target=\"_blank\" rel=\"noreferrer noopener\" aria-label=\" (opens in a new tab)\">Magyar fest\u0151k \u00e9s festm\u00e9nyeik<\/a><\/p>\n\n\n\n<p><a href=\"https:\/\/learningapps.org\/watch?v=pvx4top6320&amp;fbclid=IwAR37i6gPFgJGSYAdczgyu5UZMPH4MQnixIaR49g7jZ95B5-urLkPUoaGf8w\" target=\"_blank\" rel=\"noreferrer noopener\">Gyimesi \u00edrott toj\u00e1s mot\u00edvumok<\/a><\/p>\n\n\n\n<p><a href=\"https:\/\/wordwall.net\/play\/2933\/024\/425?fbclid=IwAR3E35dBpDEuZZXwPEdNcExooLjUcGo9_W1Gy6UaEpolhDp0U3nVc8GeLnM\" target=\"_blank\" rel=\"noreferrer noopener\">Magyar tal\u00e1lm\u00e1nyok<\/a><\/p>\n\n\n\n<p><a href=\"https:\/\/learningapps.org\/watch?v=pnz39uctk24\">Magyar fest\u0151k t\u00e9li k\u00e9pei<\/a><\/p>\n\n\n\n<h2 class=\"wp-block-heading\">T\u00f6rt\u00e9nelem<\/h2>\n\n\n\n<p><a href=\"https:\/\/wordwall.net\/hu\/resource\/4459845\/honfoglal%c3%b3-magyarok-%c3%b6lt%c3%b6zete\" target=\"_blank\" rel=\"noreferrer noopener\">Honfoglal\u00f3 magyarok \u00f6lt\u00f6zete<\/a><\/p>\n\n\n\n<p><a href=\"https:\/\/wordwall.net\/hu\/resource\/4463901\/history\/ki-melyik-uralkod%c3%b3h%c3%a1zhoz-tartozott\" target=\"_blank\" rel=\"noreferrer noopener\">Ki melyik uralkod\u00f3h\u00e1zhoz tartozott?<\/a><\/p>\n\n\n\n<p><a href=\"https:\/\/wordwall.net\/hu\/resource\/37732189\/%c3%a1llatok-az-els%c5%91-vil%c3%a1gh%c3%a1bor%c3%baban\" target=\"_blank\" rel=\"noreferrer noopener\">\u00c1llatok az I. vil\u00e1gh\u00e1bor\u00faban<\/a><\/p>\n\n\n\n<p><a href=\"https:\/\/wordwall.net\/hu\/resource\/38066922\/trianon-igaz-vagy-hamis\" target=\"_blank\" rel=\"noreferrer noopener\">Trianon &#8211; igaz vagy hamis<\/a><\/p>\n\n\n\n<h2 class=\"wp-block-heading\">F\u00f6ldrajz<\/h2>\n\n\n\n<p><a href=\"https:\/\/wordwall.net\/hu\/resource\/31003324\/geography\/melyik-hegys%c3%a9gben-tal%c3%a1lhat%c3%b3\" target=\"_blank\" rel=\"noreferrer noopener\">Melyik hegys\u00e9gben tal\u00e1lhat\u00f3?<\/a><\/p>\n\n\n\n<p><a href=\"https:\/\/wordwall.net\/hu\/resource\/30146861\/science\/felsz%c3%adni-form%c3%a1k\" target=\"_blank\" rel=\"noreferrer noopener\">Felsz\u00edni form\u00e1k<\/a><\/p>\n\n\n\n<p><a href=\"https:\/\/wordwall.net\/hu\/resource\/864618\/budapest-h%C3%ADdjai-le%C3%ADr\u00e1ssal\">Budapest h\u00eddjai<\/a><\/p>\n\n\n\n<p><a href=\"https:\/\/wordwall.net\/hu\/resource\/28452978\/geography\/eur%c3%b3pa-f%c5%91v%c3%a1rosai\">A<\/a><a href=\"https:\/\/wordwall.net\/hu\/resource\/24156594\/science\/a-hortob%c3%a1gy-jellegzetess%c3%a9gei\" target=\"_blank\" rel=\"noreferrer noopener\"> Hortob\u00e1gy jellegzetess\u00e9gei<\/a><\/p>\n\n\n\n<p><a href=\"https:\/\/wordwall.net\/play\/73194\/016\/157\" target=\"_blank\" rel=\"noreferrer noopener\">A Balaton<\/a><\/p>\n\n\n\n<h2 class=\"wp-block-heading\">Matematika, programoz\u00e1s<\/h2>\n\n\n\n<p><a href=\"https:\/\/wordwall.net\/hu\/resource\/4112519\/melyik-sz%c3%a1mra-gondoltam-2-3-4-5-m%c3%a1solata\" target=\"_blank\" rel=\"noreferrer noopener\">Melyik sz\u00e1mra gondoltam?<\/a><\/p>\n\n\n\n<p><a href=\"https:\/\/wordwall.net\/hu\/resource\/4393827\/geometria-2\" target=\"_blank\" rel=\"noreferrer noopener\">Geometria<\/a><\/p>\n\n\n\n<p><a href=\"https:\/\/learningapps.org\/watch?v=pa2cc28pk19&amp;fbclid=IwAR1fe9bjbSd3OxSnXemZji4YvGXfAKYV7AkKCBQqInENNzNWjNfJdM3Z2HU\" target=\"_blank\" rel=\"noreferrer noopener\">Mikul\u00e1s-v\u00e1r\u00e1s<\/a><\/p>\n\n\n\n<h2 class=\"wp-block-heading\">Online mesek\u00f6nyv\u00fcnk<\/h2>\n\n\n\n<p><a href=\"https:\/\/www.storyjumper.com\/book\/index\/44470476\" target=\"_blank\" rel=\"noreferrer noopener\" aria-label=\" (opens in a new tab)\">Az elektromos sepr\u0171<\/a><\/p>\n","protected":false},"excerpt":{"rendered":"<p>Adventi kalend\u00e1rium \u00cdr\u00e1s-olvas\u00e1s, sz\u00f6veg\u00e9rt\u00e9s Alkoss \u00f6sszetett szavakat! Helyes\u00edr\u00e1s gyakorl\u00e1s K\u00e9tjegy\u0171 [&hellip;]<\/p>\n","protected":false},"author":34,"featured_media":0,"parent":1383,"menu_order":9,"comment_status":"closed","ping_status":"closed","template":"","meta":{"_exactmetrics_skip_tracking":false,"_exactmetrics_sitenote_active":false,"_exactmetrics_sitenote_note":"","_exactmetrics_sitenote_category":0,"footnotes":""},"class_list":["post-1682","page","type-page","status-publish","hentry"],"acf":[],"yoast_head":"<!-- This site is optimized with the Yoast SEO plugin v26.9 - https:\/\/yoast.com\/product\/yoast-seo-wordpress\/ -->\n<title>Online feladatok - Online Magyar Iskola<\/title>\n<meta name=\"robots\" content=\"index, follow, max-snippet:-1, max-image-preview:large, max-video-preview:-1\" \/>\n<link rel=\"canonical\" href=\"https:\/\/onlinemagyariskola.com\/web\/oktatas\/interaktiv-feladatlapok\" \/>\n<meta property=\"og:locale\" content=\"en_US\" \/>\n<meta property=\"og:type\" content=\"article\" \/>\n<meta property=\"og:title\" content=\"Online feladatok - Online Magyar Iskola\" \/>\n<meta property=\"og:description\" content=\"Adventi kalend\u00e1rium \u00cdr\u00e1s-olvas\u00e1s, sz\u00f6veg\u00e9rt\u00e9s Alkoss \u00f6sszetett szavakat! Helyes\u00edr\u00e1s gyakorl\u00e1s K\u00e9tjegy\u0171 [&hellip;]\" \/>\n<meta property=\"og:url\" content=\"https:\/\/onlinemagyariskola.com\/web\/oktatas\/interaktiv-feladatlapok\" \/>\n<meta property=\"og:site_name\" content=\"Online Magyar Iskola\" \/>\n<meta property=\"article:modified_time\" content=\"2024-06-12T15:03:38+00:00\" \/>\n<meta property=\"og:image\" content=\"https:\/\/onlinemagyariskola.com\/web\/wp-content\/uploads\/2019\/12\/BeFunky-collage-scaled.jpg\" \/>\n\t<meta property=\"og:image:width\" content=\"2560\" \/>\n\t<meta property=\"og:image:height\" content=\"1707\" \/>\n\t<meta property=\"og:image:type\" content=\"image\/jpeg\" \/>\n<meta name=\"twitter:card\" content=\"summary_large_image\" \/>\n<meta name=\"twitter:label1\" content=\"Est. reading time\" \/>\n\t<meta name=\"twitter:data1\" content=\"1 minute\" \/>\n<script type=\"application\/ld+json\" class=\"yoast-schema-graph\">{\"@context\":\"https:\/\/schema.org\",\"@graph\":[{\"@type\":\"WebPage\",\"@id\":\"https:\/\/onlinemagyariskola.com\/web\/oktatas\/interaktiv-feladatlapok\",\"url\":\"https:\/\/onlinemagyariskola.com\/web\/oktatas\/interaktiv-feladatlapok\",\"name\":\"Online feladatok - Online Magyar Iskola\",\"isPartOf\":{\"@id\":\"https:\/\/onlinemagyariskola.com\/web\/#website\"},\"datePublished\":\"2020-01-02T21:09:03+00:00\",\"dateModified\":\"2024-06-12T15:03:38+00:00\",\"breadcrumb\":{\"@id\":\"https:\/\/onlinemagyariskola.com\/web\/oktatas\/interaktiv-feladatlapok#breadcrumb\"},\"inLanguage\":\"en-US\",\"potentialAction\":[{\"@type\":\"ReadAction\",\"target\":[\"https:\/\/onlinemagyariskola.com\/web\/oktatas\/interaktiv-feladatlapok\"]}]},{\"@type\":\"BreadcrumbList\",\"@id\":\"https:\/\/onlinemagyariskola.com\/web\/oktatas\/interaktiv-feladatlapok#breadcrumb\",\"itemListElement\":[{\"@type\":\"ListItem\",\"position\":1,\"name\":\"Home\",\"item\":\"https:\/\/onlinemagyariskola.com\/web\/\"},{\"@type\":\"ListItem\",\"position\":2,\"name\":\"Oktat\u00e1s\",\"item\":\"https:\/\/onlinemagyariskola.com\/web\/oktatas\"},{\"@type\":\"ListItem\",\"position\":3,\"name\":\"Online feladatok\"}]},{\"@type\":\"WebSite\",\"@id\":\"https:\/\/onlinemagyariskola.com\/web\/#website\",\"url\":\"https:\/\/onlinemagyariskola.com\/web\/\",\"name\":\"Online Magyar Iskola\",\"description\":\"Your SUPER-powered WP Engine Blog\",\"potentialAction\":[{\"@type\":\"SearchAction\",\"target\":{\"@type\":\"EntryPoint\",\"urlTemplate\":\"https:\/\/onlinemagyariskola.com\/web\/?s={search_term_string}\"},\"query-input\":{\"@type\":\"PropertyValueSpecification\",\"valueRequired\":true,\"valueName\":\"search_term_string\"}}],\"inLanguage\":\"en-US\"}]}<\/script>\n<!-- \/ Yoast SEO plugin. -->","yoast_head_json":{"title":"Online feladatok - Online Magyar Iskola","robots":{"index":"index","follow":"follow","max-snippet":"max-snippet:-1","max-image-preview":"max-image-preview:large","max-video-preview":"max-video-preview:-1"},"canonical":"https:\/\/onlinemagyariskola.com\/web\/oktatas\/interaktiv-feladatlapok","og_locale":"en_US","og_type":"article","og_title":"Online feladatok - Online Magyar Iskola","og_description":"Adventi kalend\u00e1rium \u00cdr\u00e1s-olvas\u00e1s, sz\u00f6veg\u00e9rt\u00e9s Alkoss \u00f6sszetett szavakat! Helyes\u00edr\u00e1s gyakorl\u00e1s K\u00e9tjegy\u0171 [&hellip;]","og_url":"https:\/\/onlinemagyariskola.com\/web\/oktatas\/interaktiv-feladatlapok","og_site_name":"Online Magyar Iskola","article_modified_time":"2024-06-12T15:03:38+00:00","og_image":[{"width":2560,"height":1707,"url":"https:\/\/onlinemagyariskola.com\/web\/wp-content\/uploads\/2019\/12\/BeFunky-collage-scaled.jpg","type":"image\/jpeg"}],"twitter_card":"summary_large_image","twitter_misc":{"Est. reading time":"1 minute"},"schema":{"@context":"https:\/\/schema.org","@graph":[{"@type":"WebPage","@id":"https:\/\/onlinemagyariskola.com\/web\/oktatas\/interaktiv-feladatlapok","url":"https:\/\/onlinemagyariskola.com\/web\/oktatas\/interaktiv-feladatlapok","name":"Online feladatok - Online Magyar Iskola","isPartOf":{"@id":"https:\/\/onlinemagyariskola.com\/web\/#website"},"datePublished":"2020-01-02T21:09:03+00:00","dateModified":"2024-06-12T15:03:38+00:00","breadcrumb":{"@id":"https:\/\/onlinemagyariskola.com\/web\/oktatas\/interaktiv-feladatlapok#breadcrumb"},"inLanguage":"en-US","potentialAction":[{"@type":"ReadAction","target":["https:\/\/onlinemagyariskola.com\/web\/oktatas\/interaktiv-feladatlapok"]}]},{"@type":"BreadcrumbList","@id":"https:\/\/onlinemagyariskola.com\/web\/oktatas\/interaktiv-feladatlapok#breadcrumb","itemListElement":[{"@type":"ListItem","position":1,"name":"Home","item":"https:\/\/onlinemagyariskola.com\/web\/"},{"@type":"ListItem","position":2,"name":"Oktat\u00e1s","item":"https:\/\/onlinemagyariskola.com\/web\/oktatas"},{"@type":"ListItem","position":3,"name":"Online feladatok"}]},{"@type":"WebSite","@id":"https:\/\/onlinemagyariskola.com\/web\/#website","url":"https:\/\/onlinemagyariskola.com\/web\/","name":"Online Magyar Iskola","description":"Your SUPER-powered WP Engine Blog","potentialAction":[{"@type":"SearchAction","target":{"@type":"EntryPoint","urlTemplate":"https:\/\/onlinemagyariskola.com\/web\/?s={search_term_string}"},"query-input":{"@type":"PropertyValueSpecification","valueRequired":true,"valueName":"search_term_string"}}],"inLanguage":"en-US"}]}},"_links":{"self":[{"href":"https:\/\/onlinemagyariskola.com\/web\/wp-json\/wp\/v2\/pages\/1682","targetHints":{"allow":["GET"]}}],"collection":[{"href":"https:\/\/onlinemagyariskola.com\/web\/wp-json\/wp\/v2\/pages"}],"about":[{"href":"https:\/\/onlinemagyariskola.com\/web\/wp-json\/wp\/v2\/types\/page"}],"author":[{"embeddable":true,"href":"https:\/\/onlinemagyariskola.com\/web\/wp-json\/wp\/v2\/users\/34"}],"replies":[{"embeddable":true,"href":"https:\/\/onlinemagyariskola.com\/web\/wp-json\/wp\/v2\/comments?post=1682"}],"version-history":[{"count":31,"href":"https:\/\/onlinemagyariskola.com\/web\/wp-json\/wp\/v2\/pages\/1682\/revisions"}],"predecessor-version":[{"id":4237,"href":"https:\/\/onlinemagyariskola.com\/web\/wp-json\/wp\/v2\/pages\/1682\/revisions\/4237"}],"up":[{"embeddable":true,"href":"https:\/\/onlinemagyariskola.com\/web\/wp-json\/wp\/v2\/pages\/1383"}],"wp:attachment":[{"href":"https:\/\/onlinemagyariskola.com\/web\/wp-json\/wp\/v2\/media?parent=1682"}],"curies":[{"name":"wp","href":"https:\/\/api.w.org\/{rel}","templated":true}]}}