{"id":1399,"date":"2019-12-16T15:41:13","date_gmt":"2019-12-16T15:41:13","guid":{"rendered":"https:\/\/onlinemagyariskola.com\/web\/oktatas\/az-orak-menete"},"modified":"2025-09-12T09:31:54","modified_gmt":"2025-09-12T13:31:54","slug":"az-orak-menete","status":"publish","type":"page","link":"https:\/\/onlinemagyariskola.com\/web\/oktatas\/az-orak-menete","title":{"rendered":"Az \u00f3r\u00e1k menete"},"content":{"rendered":"\n<div class=\"wp-block-media-text alignwide is-stacked-on-mobile\"><figure class=\"wp-block-media-text__media\"><img loading=\"lazy\" decoding=\"async\" width=\"1024\" height=\"768\" src=\"https:\/\/onlinemagyariskola.com\/web\/wp-content\/uploads\/2025\/09\/Kisokos-2-1024x768.png\" alt=\"\" class=\"wp-image-4589 size-full\" srcset=\"https:\/\/onlinemagyariskola.com\/web\/wp-content\/uploads\/2025\/09\/Kisokos-2-1024x768.png 1024w, https:\/\/onlinemagyariskola.com\/web\/wp-content\/uploads\/2025\/09\/Kisokos-2-300x225.png 300w, https:\/\/onlinemagyariskola.com\/web\/wp-content\/uploads\/2025\/09\/Kisokos-2-768x576.png 768w, https:\/\/onlinemagyariskola.com\/web\/wp-content\/uploads\/2025\/09\/Kisokos-2-1536x1152.png 1536w, https:\/\/onlinemagyariskola.com\/web\/wp-content\/uploads\/2025\/09\/Kisokos-2-2048x1536.png 2048w, https:\/\/onlinemagyariskola.com\/web\/wp-content\/uploads\/2025\/09\/Kisokos-2-1320x990.png 1320w\" sizes=\"auto, (max-width: 1024px) 100vw, 1024px\" \/><\/figure><div class=\"wp-block-media-text__content\">\n<p><strong>Sz\u00fcl\u0151i kisokosunk<\/strong> seg\u00edt felk\u00e9sz\u00fclni a tan\u00f3r\u00e1kra, \u00e9s hasznos tippeket, tan\u00e1csokat ad a min\u00e9l hat\u00e9konyabb Zoom\/Teams besz\u00e9lget\u00e9s el\u00e9r\u00e9s\u00e9hez. A teljes dokumentumot <strong><a href=\"https:\/\/onlinemagyariskola.com\/web\/wp-content\/uploads\/2025\/09\/Szuloi-kisokos.pdf\" target=\"_blank\" rel=\"noreferrer noopener\">IDE<\/a><\/strong> kattintva \u00e9rhetitek el.<\/p>\n<\/div><\/div>\n\n\n\n<hr class=\"wp-block-separator has-css-opacity\"\/>\n\n\n\n<div class=\"wp-block-media-text alignwide has-media-on-the-right is-stacked-on-mobile\"><div class=\"wp-block-media-text__content\">\n<p>A zavar\u00f3 t\u00e9nyez\u0151k elker\u00fcl\u00e9se \u00e9rdek\u00e9ben \u00e9rdemes megfelel\u0151en felk\u00e9sz\u00fclni az online \u00f3r\u00e1kra, \u00e9s a foglalkoz\u00e1sok k\u00f6zben is betartani az alapvet\u0151 etikett szab\u00e1lyokat.<\/p>\n<\/div><figure class=\"wp-block-media-text__media\"><img loading=\"lazy\" decoding=\"async\" width=\"1024\" height=\"768\" src=\"https:\/\/onlinemagyariskola.com\/web\/wp-content\/uploads\/2025\/06\/ZoomTeams-etikett-1024x768.png\" alt=\"\" class=\"wp-image-4452 size-full\" srcset=\"https:\/\/onlinemagyariskola.com\/web\/wp-content\/uploads\/2025\/06\/ZoomTeams-etikett-1024x768.png 1024w, https:\/\/onlinemagyariskola.com\/web\/wp-content\/uploads\/2025\/06\/ZoomTeams-etikett-300x225.png 300w, https:\/\/onlinemagyariskola.com\/web\/wp-content\/uploads\/2025\/06\/ZoomTeams-etikett-768x576.png 768w, https:\/\/onlinemagyariskola.com\/web\/wp-content\/uploads\/2025\/06\/ZoomTeams-etikett-1536x1152.png 1536w, https:\/\/onlinemagyariskola.com\/web\/wp-content\/uploads\/2025\/06\/ZoomTeams-etikett-2048x1536.png 2048w, https:\/\/onlinemagyariskola.com\/web\/wp-content\/uploads\/2025\/06\/ZoomTeams-etikett-1320x990.png 1320w\" sizes=\"auto, (max-width: 1024px) 100vw, 1024px\" \/><\/figure><\/div>\n\n\n\n<hr class=\"wp-block-separator has-css-opacity\"\/>\n\n\n\n<p><strong>Sz\u00fcks\u00e9ges kell\u00e9kek:<\/strong><\/p>\n\n\n\n<ul class=\"wp-block-list\">\n<li>sz\u00e1m\u00edt\u00f3g\u00e9p vagy tablet<\/li>\n\n\n\n<li>megfelel\u0151 s\u00e1vsz\u00e9less\u00e9g\u0171 internet kapcsolat<\/li>\n\n\n\n<li>Zoom\/Teams program<\/li>\n\n\n\n<li>csendes, nyugodt k\u00f6rnyezet, ahol a gyerek tud koncentr\u00e1lni<\/li>\n\n\n\n<li>pap\u00edr, f\u00fczet, ceruza, \u00edr\u00f3t\u00e1bla, filctoll stb.<\/li>\n<\/ul>\n\n\n\n<p>Iskol\u00e1nk az \u00e9vek sor\u00e1n kialak\u00edtotta saj\u00e1t tanterv\u00e9t, amelyet rugalmasan igaz\u00edtunk a gyerekek \u00e9rdekl\u0151d\u00e9s\u00e9hez \u00e9s a csal\u00e1dok ig\u00e9nyeihez. A tantervet a saj\u00e1t fejleszt\u00e9s\u0171 online oktat\u00e1si rendszer\u00fcnkben l\u00e1thatj\u00e1k beiratkozott di\u00e1kjaink. Itt \u00e9rhet\u0151ek el az \u00f3r\u00e1k anyagai is, valamint az otthoni gyakorl\u00e1shoz k\u00e9sz\u00edtett feladatok, melyek megold\u00e1sai szint\u00e9n felt\u00f6lthet\u0151ek, ezeket a program szm\u00e1jlikkal jutalmazza.<\/p>\n\n\n\n<p class=\"has-text-align-center\">&#8211;<\/p>\n\n\n\n<figure class=\"wp-block-image size-large\"><img loading=\"lazy\" decoding=\"async\" width=\"1024\" height=\"546\" src=\"https:\/\/onlinemagyariskola.com\/web\/wp-content\/uploads\/2020\/01\/omi_ora-1024x546.png\" alt=\"\" class=\"wp-image-1775\" srcset=\"https:\/\/onlinemagyariskola.com\/web\/wp-content\/uploads\/2020\/01\/omi_ora-1024x546.png 1024w, https:\/\/onlinemagyariskola.com\/web\/wp-content\/uploads\/2020\/01\/omi_ora-300x160.png 300w, https:\/\/onlinemagyariskola.com\/web\/wp-content\/uploads\/2020\/01\/omi_ora-768x409.png 768w, https:\/\/onlinemagyariskola.com\/web\/wp-content\/uploads\/2020\/01\/omi_ora.png 1137w\" sizes=\"auto, (max-width: 1024px) 100vw, 1024px\" \/><figcaption class=\"wp-element-caption\">Egy OMI-s \u00f3ra a rendszerben<\/figcaption><\/figure>\n","protected":false},"excerpt":{"rendered":"<p>Sz\u00fcl\u0151i kisokosunk seg\u00edt felk\u00e9sz\u00fclni a tan\u00f3r\u00e1kra, \u00e9s hasznos tippeket, tan\u00e1csokat [&hellip;]<\/p>\n","protected":false},"author":3,"featured_media":0,"parent":1383,"menu_order":8,"comment_status":"closed","ping_status":"closed","template":"","meta":{"_exactmetrics_skip_tracking":false,"_exactmetrics_sitenote_active":false,"_exactmetrics_sitenote_note":"","_exactmetrics_sitenote_category":0,"footnotes":""},"class_list":["post-1399","page","type-page","status-publish","hentry"],"acf":[],"yoast_head":"<!-- This site is optimized with the Yoast SEO plugin v26.9 - https:\/\/yoast.com\/product\/yoast-seo-wordpress\/ -->\n<title>Az \u00f3r\u00e1k menete - Online Magyar Iskola<\/title>\n<meta name=\"robots\" content=\"index, follow, max-snippet:-1, max-image-preview:large, max-video-preview:-1\" \/>\n<link rel=\"canonical\" href=\"https:\/\/onlinemagyariskola.com\/web\/oktatas\/az-orak-menete\" \/>\n<meta property=\"og:locale\" content=\"en_US\" \/>\n<meta property=\"og:type\" content=\"article\" \/>\n<meta property=\"og:title\" content=\"Az \u00f3r\u00e1k menete - Online Magyar Iskola\" \/>\n<meta property=\"og:description\" content=\"Sz\u00fcl\u0151i kisokosunk seg\u00edt felk\u00e9sz\u00fclni a tan\u00f3r\u00e1kra, \u00e9s hasznos tippeket, tan\u00e1csokat [&hellip;]\" \/>\n<meta property=\"og:url\" content=\"https:\/\/onlinemagyariskola.com\/web\/oktatas\/az-orak-menete\" \/>\n<meta property=\"og:site_name\" content=\"Online Magyar Iskola\" \/>\n<meta property=\"article:modified_time\" content=\"2025-09-12T13:31:54+00:00\" \/>\n<meta property=\"og:image\" content=\"https:\/\/onlinemagyariskola.com\/web\/wp-content\/uploads\/2025\/09\/Kisokos-2-1024x768.png\" \/>\n<meta name=\"twitter:card\" content=\"summary_large_image\" \/>\n<meta name=\"twitter:label1\" content=\"Est. reading time\" \/>\n\t<meta name=\"twitter:data1\" content=\"2 minutes\" \/>\n<script type=\"application\/ld+json\" class=\"yoast-schema-graph\">{\"@context\":\"https:\/\/schema.org\",\"@graph\":[{\"@type\":\"WebPage\",\"@id\":\"https:\/\/onlinemagyariskola.com\/web\/oktatas\/az-orak-menete\",\"url\":\"https:\/\/onlinemagyariskola.com\/web\/oktatas\/az-orak-menete\",\"name\":\"Az \u00f3r\u00e1k menete - Online Magyar Iskola\",\"isPartOf\":{\"@id\":\"https:\/\/onlinemagyariskola.com\/web\/#website\"},\"primaryImageOfPage\":{\"@id\":\"https:\/\/onlinemagyariskola.com\/web\/oktatas\/az-orak-menete#primaryimage\"},\"image\":{\"@id\":\"https:\/\/onlinemagyariskola.com\/web\/oktatas\/az-orak-menete#primaryimage\"},\"thumbnailUrl\":\"https:\/\/onlinemagyariskola.com\/web\/wp-content\/uploads\/2025\/09\/Kisokos-2-1024x768.png\",\"datePublished\":\"2019-12-16T15:41:13+00:00\",\"dateModified\":\"2025-09-12T13:31:54+00:00\",\"breadcrumb\":{\"@id\":\"https:\/\/onlinemagyariskola.com\/web\/oktatas\/az-orak-menete#breadcrumb\"},\"inLanguage\":\"en-US\",\"potentialAction\":[{\"@type\":\"ReadAction\",\"target\":[\"https:\/\/onlinemagyariskola.com\/web\/oktatas\/az-orak-menete\"]}]},{\"@type\":\"ImageObject\",\"inLanguage\":\"en-US\",\"@id\":\"https:\/\/onlinemagyariskola.com\/web\/oktatas\/az-orak-menete#primaryimage\",\"url\":\"https:\/\/onlinemagyariskola.com\/web\/wp-content\/uploads\/2025\/09\/Kisokos-2.png\",\"contentUrl\":\"https:\/\/onlinemagyariskola.com\/web\/wp-content\/uploads\/2025\/09\/Kisokos-2.png\",\"width\":2304,\"height\":1728},{\"@type\":\"BreadcrumbList\",\"@id\":\"https:\/\/onlinemagyariskola.com\/web\/oktatas\/az-orak-menete#breadcrumb\",\"itemListElement\":[{\"@type\":\"ListItem\",\"position\":1,\"name\":\"Home\",\"item\":\"https:\/\/onlinemagyariskola.com\/web\/\"},{\"@type\":\"ListItem\",\"position\":2,\"name\":\"Oktat\u00e1s\",\"item\":\"https:\/\/onlinemagyariskola.com\/web\/oktatas\"},{\"@type\":\"ListItem\",\"position\":3,\"name\":\"Az \u00f3r\u00e1k menete\"}]},{\"@type\":\"WebSite\",\"@id\":\"https:\/\/onlinemagyariskola.com\/web\/#website\",\"url\":\"https:\/\/onlinemagyariskola.com\/web\/\",\"name\":\"Online Magyar Iskola\",\"description\":\"Your SUPER-powered WP Engine Blog\",\"potentialAction\":[{\"@type\":\"SearchAction\",\"target\":{\"@type\":\"EntryPoint\",\"urlTemplate\":\"https:\/\/onlinemagyariskola.com\/web\/?s={search_term_string}\"},\"query-input\":{\"@type\":\"PropertyValueSpecification\",\"valueRequired\":true,\"valueName\":\"search_term_string\"}}],\"inLanguage\":\"en-US\"}]}<\/script>\n<!-- \/ Yoast SEO plugin. -->","yoast_head_json":{"title":"Az \u00f3r\u00e1k menete - Online Magyar Iskola","robots":{"index":"index","follow":"follow","max-snippet":"max-snippet:-1","max-image-preview":"max-image-preview:large","max-video-preview":"max-video-preview:-1"},"canonical":"https:\/\/onlinemagyariskola.com\/web\/oktatas\/az-orak-menete","og_locale":"en_US","og_type":"article","og_title":"Az \u00f3r\u00e1k menete - Online Magyar Iskola","og_description":"Sz\u00fcl\u0151i kisokosunk seg\u00edt felk\u00e9sz\u00fclni a tan\u00f3r\u00e1kra, \u00e9s hasznos tippeket, tan\u00e1csokat [&hellip;]","og_url":"https:\/\/onlinemagyariskola.com\/web\/oktatas\/az-orak-menete","og_site_name":"Online Magyar Iskola","article_modified_time":"2025-09-12T13:31:54+00:00","og_image":[{"url":"https:\/\/onlinemagyariskola.com\/web\/wp-content\/uploads\/2025\/09\/Kisokos-2-1024x768.png","type":"","width":"","height":""}],"twitter_card":"summary_large_image","twitter_misc":{"Est. reading time":"2 minutes"},"schema":{"@context":"https:\/\/schema.org","@graph":[{"@type":"WebPage","@id":"https:\/\/onlinemagyariskola.com\/web\/oktatas\/az-orak-menete","url":"https:\/\/onlinemagyariskola.com\/web\/oktatas\/az-orak-menete","name":"Az \u00f3r\u00e1k menete - Online Magyar Iskola","isPartOf":{"@id":"https:\/\/onlinemagyariskola.com\/web\/#website"},"primaryImageOfPage":{"@id":"https:\/\/onlinemagyariskola.com\/web\/oktatas\/az-orak-menete#primaryimage"},"image":{"@id":"https:\/\/onlinemagyariskola.com\/web\/oktatas\/az-orak-menete#primaryimage"},"thumbnailUrl":"https:\/\/onlinemagyariskola.com\/web\/wp-content\/uploads\/2025\/09\/Kisokos-2-1024x768.png","datePublished":"2019-12-16T15:41:13+00:00","dateModified":"2025-09-12T13:31:54+00:00","breadcrumb":{"@id":"https:\/\/onlinemagyariskola.com\/web\/oktatas\/az-orak-menete#breadcrumb"},"inLanguage":"en-US","potentialAction":[{"@type":"ReadAction","target":["https:\/\/onlinemagyariskola.com\/web\/oktatas\/az-orak-menete"]}]},{"@type":"ImageObject","inLanguage":"en-US","@id":"https:\/\/onlinemagyariskola.com\/web\/oktatas\/az-orak-menete#primaryimage","url":"https:\/\/onlinemagyariskola.com\/web\/wp-content\/uploads\/2025\/09\/Kisokos-2.png","contentUrl":"https:\/\/onlinemagyariskola.com\/web\/wp-content\/uploads\/2025\/09\/Kisokos-2.png","width":2304,"height":1728},{"@type":"BreadcrumbList","@id":"https:\/\/onlinemagyariskola.com\/web\/oktatas\/az-orak-menete#breadcrumb","itemListElement":[{"@type":"ListItem","position":1,"name":"Home","item":"https:\/\/onlinemagyariskola.com\/web\/"},{"@type":"ListItem","position":2,"name":"Oktat\u00e1s","item":"https:\/\/onlinemagyariskola.com\/web\/oktatas"},{"@type":"ListItem","position":3,"name":"Az \u00f3r\u00e1k menete"}]},{"@type":"WebSite","@id":"https:\/\/onlinemagyariskola.com\/web\/#website","url":"https:\/\/onlinemagyariskola.com\/web\/","name":"Online Magyar Iskola","description":"Your SUPER-powered WP Engine Blog","potentialAction":[{"@type":"SearchAction","target":{"@type":"EntryPoint","urlTemplate":"https:\/\/onlinemagyariskola.com\/web\/?s={search_term_string}"},"query-input":{"@type":"PropertyValueSpecification","valueRequired":true,"valueName":"search_term_string"}}],"inLanguage":"en-US"}]}},"_links":{"self":[{"href":"https:\/\/onlinemagyariskola.com\/web\/wp-json\/wp\/v2\/pages\/1399","targetHints":{"allow":["GET"]}}],"collection":[{"href":"https:\/\/onlinemagyariskola.com\/web\/wp-json\/wp\/v2\/pages"}],"about":[{"href":"https:\/\/onlinemagyariskola.com\/web\/wp-json\/wp\/v2\/types\/page"}],"author":[{"embeddable":true,"href":"https:\/\/onlinemagyariskola.com\/web\/wp-json\/wp\/v2\/users\/3"}],"replies":[{"embeddable":true,"href":"https:\/\/onlinemagyariskola.com\/web\/wp-json\/wp\/v2\/comments?post=1399"}],"version-history":[{"count":17,"href":"https:\/\/onlinemagyariskola.com\/web\/wp-json\/wp\/v2\/pages\/1399\/revisions"}],"predecessor-version":[{"id":4593,"href":"https:\/\/onlinemagyariskola.com\/web\/wp-json\/wp\/v2\/pages\/1399\/revisions\/4593"}],"up":[{"embeddable":true,"href":"https:\/\/onlinemagyariskola.com\/web\/wp-json\/wp\/v2\/pages\/1383"}],"wp:attachment":[{"href":"https:\/\/onlinemagyariskola.com\/web\/wp-json\/wp\/v2\/media?parent=1399"}],"curies":[{"name":"wp","href":"https:\/\/api.w.org\/{rel}","templated":true}]}}