{"id":1396,"date":"2019-12-16T15:41:13","date_gmt":"2019-12-16T15:41:13","guid":{"rendered":"https:\/\/onlinemagyariskola.com\/web\/oktatas\/csoprtjaink"},"modified":"2025-06-16T11:13:33","modified_gmt":"2025-06-16T15:13:33","slug":"csoportjaink","status":"publish","type":"page","link":"https:\/\/onlinemagyariskola.com\/web\/oktatas\/csoportjaink","title":{"rendered":"Csoportjaink"},"content":{"rendered":"\n<p>\u00d3rarend\u00fcnket \u00fagy alak\u00edtjuk ki, hogy a k\u00fcl\u00f6nb\u00f6z\u0151 id\u0151z\u00f3n\u00e1kban, K\u00edn\u00e1t\u00f3l eg\u00e9szen Peruig, mindenki sz\u00e1m\u00e1ra tudjunk megfelel\u0151 id\u0151pontot biztos\u00edtani.<\/p>\n\n\n\n<p><strong>Zeneovi:<\/strong> f\u00e9l\u00f3r\u00e1s foglalkoz\u00e1s \u00f3vod\u00e1s kor\u00fa gyermekek sz\u00e1m\u00e1ra. A csoportok c\u00e9lja, hogy a sz\u00fcl\u0151k akt\u00edv r\u00e9szv\u00e9tel\u00e9vel megismertess\u00fck a kicsiket a magyar mond\u00f3k\u00e1kkal \u00e9s gyerekdalokkal, \u00f6sszekapcsolva a j\u00e1t\u00e9kot \u00e9s a tanul\u00e1st.<\/p>\n\n\n\n<p><strong>Sz\u00f3kincsb\u0151v\u00edt\u00e9s:<\/strong> j\u00e1t\u00e9kos foglalkoz\u00e1sok mond\u00f3k\u00e1kkal, mes\u00e9kkel, dalokkal \u00e9s interakt\u00edv j\u00e1t\u00e9kokkal.&nbsp;&nbsp;<\/p>\n\n\n\n<p><strong>Besz\u00e9dfejleszt\u00e9s:<\/strong> j\u00e1t\u00e9kos \u00e9s interakt\u00edv \u00f3r\u00e1k, melyek seg\u00edtik a di\u00e1kok sz\u00f3kincs\u00e9nek b\u0151v\u00edt\u00e9s\u00e9t, nagyobb hangs\u00falyt fektetve a magyar besz\u00e9dhangz\u00f3k fejleszt\u00e9s\u00e9re.<\/p>\n\n\n\n<p><strong>\u00cdr\u00e1s-olvas\u00e1s:<\/strong> seg\u00edtj\u00fck a di\u00e1koknak elsaj\u00e1t\u00edtani a magyar ABC bet\u0171it, az \u00edr\u00e1st, illetve foly\u00f3\u00edr\u00e1st. Az olvas\u00e1st hagyom\u00e1nyos, sz\u00f3tagol\u00f3 m\u00f3dszerrel tan\u00edtjuk. Az \u00f3r\u00e1k keretein bel\u00fcl elkezdj\u00fck megismertetni vel\u00fck Magyarorsz\u00e1g t\u00f6rt\u00e9nelm\u00e9t, f\u00f6ldrajz\u00e1t \u00e9s n\u00e9pi kult\u00far\u00e1j\u00e1t is.<\/p>\n\n\n\n<p><strong>K\u00f6zismereti el\u0151k\u00e9sz\u00edt\u0151:<\/strong> alapszint\u0171 magyar irodalom \u00e9s nyelvtan, k\u00f6rnyezet- \u00e9s orsz\u00e1gismeret, valamint t\u00f6rt\u00e9nelem oktat\u00e1sa als\u00f3 tagozatos kor\u00fa gyermekek r\u00e9sz\u00e9re, melynek c\u00e9lja az \u00e9rt\u0151 sz\u00f6vegolvas\u00e1s fejleszt\u00e9se, valamint egyszer\u0171bb t\u00e9m\u00e1k feldolgoz\u00e1sa.<\/p>\n\n\n\n<p><strong>K\u00f6zismereti tant\u00e1rgyak:<\/strong> p\u00e1r heti v\u00e1lt\u00e1sban tartunk magyar irodalom \u00e9s nyelvtan, t\u00f6rt\u00e9nelem, f\u00f6ldrajz \u00e9s n\u00e9prajz \u00f3r\u00e1kat interakt\u00edv, j\u00e1t\u00e9kos form\u00e1ban. Az \u00f3r\u00e1k l\u00e1togat\u00e1s\u00e1hoz \u00edr\u00e1s-olvas\u00e1s tud\u00e1s el\u0151felt\u00e9tel! <\/p>\n\n\n\n<p><strong>Olvas\u00f3klub<\/strong>: t\u00e1rsalg\u00f3 \u00e9s olvas\u00f3 csoport tizen\u00e9veseknek, \u00e9rdekes t\u00e9m\u00e1kkal, k\u00f6nyvekkel \u00e9s versekkel. A klub c\u00e9lja, hogy a tin\u00e9dzser korban l\u00e9v\u0151 gyerekek k\u00f6tetlen\u00fcl besz\u00e9lgethessenek egym\u00e1ssal az \u0151ket \u00e9rdekl\u0151 olvasm\u00e1nyokr\u00f3l \u00e9s k\u00e9rd\u00e9sekr\u0151l.<\/p>\n\n\n\n<p><strong>MID &#8211; magyar mint idegen nyelv:<\/strong> azok sz\u00e1m\u00e1ra, akik csak most kezdenek ismerkedni a magyar nyelvvel, szint\u00e9n ind\u00edtunk csoportokat minden koroszt\u00e1lyban. A 2020\/21-es tan\u00e9vben \u00faj elemk\u00e9nt megjelentek \u00f3rarend\u00fcnkben a <strong>feln\u0151tteknek<\/strong> sz\u00f3l\u00f3 <strong><a href=\"https:\/\/onlinemagyariskola.com\/web\/oktatas\/hungarian-classes-for-adults\">magyar mint idegen nyelv kurzusok<\/a><\/strong> is, amelyek kezd\u0151 \u00e9s halad\u00f3 szinten egyar\u00e1nt el\u00e9rhet\u0151ek.<\/p>\n\n\n\n<p><strong>Ovimatek:<\/strong> j\u00e1t\u00e9kos matematika 4-6 \u00e9vesek sz\u00e1m\u00e1ra a logikus gondolkod\u00e1s fejleszt\u00e9s\u00e9re.<\/p>\n\n\n\n<p><strong><a href=\"https:\/\/onlinemagyariskola.com\/web\/oktatas\/matematika-tehetseggondozo-program\">Matematika Tehets\u00e9ggondoz\u00f3 Program<\/a><\/strong>: kiv\u00e1l\u00f3 magyar matematika professzorok vezet\u00e9s\u00e9vel 8-t\u00f3l 14 \u00e9ves korig k\u00edv\u00e1njuk seg\u00edteni&nbsp;a matematika ir\u00e1nt fog\u00e9kony gyermekek tehets\u00e9g\u00e9nek kibontakoztat\u00e1s\u00e1t. A program c\u00e9lja, hogy biztos\u00edtsa a tehets\u00e9ges tanul\u00f3k fejl\u0151d\u00e9s\u00e9t komplex tehets\u00e9gfejleszt\u0151 feladatokon kereszt\u00fcl, ami fejleszti a tanul\u00f3k gondolkod\u00e1s\u00e1t \u00e9s kreat\u00edv probl\u00e9mamegold\u00f3 k\u00e9pess\u00e9g\u00e9t.<\/p>\n\n\n\n<p><strong>J\u00e1t\u00e9kos fizika:<\/strong> sz\u00f3rakoztat\u00f3 fizika \u00f3ra sok k\u00eds\u00e9rlettel 8-14 \u00e9ves gyerekek r\u00e9sz\u00e9re, j\u00e1t\u00e9kos tanul\u00e1s, kreativit\u00e1s- \u00e9s sz\u00f3kincsfejleszt\u00e9s.<\/p>\n\n\n\n<p>Az \u00e9vek sor\u00e1n kialak\u00edtottuk saj\u00e1t tanterv\u00fcnket, amelyet rugalmasan igaz\u00edtunk a gyerekek \u00e9rdekl\u0151d\u00e9s\u00e9hez \u00e9s a csal\u00e1dok ig\u00e9nyeihez. A saj\u00e1t fejleszt\u00e9s\u0171 online oktat\u00e1si rendszer\u00fcnkben el\u00e9rhet\u0151ek az \u00f3r\u00e1k anyagai, valamint az otthoni gyakorl\u00e1shoz k\u00e9sz\u00edtett h\u00e1zi \u00e9s szorgalmi feladatok, melyek megold\u00e1sai szint\u00e9n felt\u00f6lthet\u0151k az online fel\u00fcletre. Ehhez kapcsol\u00f3d\u00f3an kialak\u00edtottunk egy jutalmaz\u00e1si rendszert is, melynek alapja egy szm\u00e1jligy\u0171jt\u0151 verseny, ahol \u00f3rai jelenl\u00e9t\u00e9rt, h\u00e1zi- \u00e9s szorgalmi feladatok felt\u00f6lt\u00e9s\u00e9\u00e9rt lehet mosolyg\u00f3s arcokat kapni. Minden f\u00e9l\u00e9v v\u00e9g\u00e9n a  koroszt\u00e1lyonk\u00e9nt 3 legt\u00f6bb szm\u00e1jlit gy\u0171jt\u00f6tt di\u00e1kjainkat e-k\u00f6nyvvel jutalmazzuk.<\/p>\n\n\n\n<p>Fontosnak tartjuk, hogy a leg\u00fajabb digit\u00e1lis alkalmaz\u00e1sok, programok \u00e9s fel\u00fcletek mellett a hagyom\u00e1nyos pedag\u00f3giai m\u00f3dszereket \u00e9s eszk\u00f6z\u00f6ket is haszn\u00e1ljuk. Az \u00edr\u00e1st p\u00e9ld\u00e1ul t\u00e1bla seg\u00edts\u00e9g\u00e9vel oktatjuk, tanul\u00f3ink f\u00fczetet vezetnek, a nagyobbak jegyzetelnek az \u00f3r\u00e1kon, a kisebbek sokat rajzolnak. A gyerekek legnagyobb \u00f6r\u00f6m\u00e9re gyakran megjelenik a foglalkoz\u00e1sokon a gyurma, a sz\u00ednes pap\u00edr, b\u00e1bok, fest\u00e9k \u00e9s a LEGO mint seg\u00e9deszk\u00f6z, de szeml\u00e9ltet\u00e9sre a mindennapi haszn\u00e1lati t\u00e1rgyakat, j\u00e1t\u00e9kokat, n\u00f6v\u00e9nyeket, \u00e1llatokat is bevetj\u00fck. Mindezeknek csak tan\u00e1raink fant\u00e1zi\u00e1ja szab hat\u00e1rt.&nbsp;<\/p>\n\n\n\n<p>Minden csoportban nagy hangs\u00falyt fektet\u00fcnk a magyar hagyom\u00e1nyok megismertet\u00e9s\u00e9re. A nemzeti \u00fcnnepekr\u0151l mindig megeml\u00e9kez\u00fcnk, a jeles napokat pedig igyeksz\u00fcnk a gyerekek akt\u00edv bevon\u00e1s\u00e1val, min\u00e9l \u00e9lm\u00e9nyd\u00fasabban meg\u00fcnnepelni. P\u00e9ld\u00e1ul farsangkor bus\u00f3maszkot k\u00e9sz\u00edt\u00fcnk, \u00e9s jelmezekbe b\u00fajunk, m\u00e1jusban m\u00e1jusf\u00e1t d\u00edsz\u00edt\u00fcnk, m\u00e1rcius 15-\u00e9n pedig kok\u00e1rd\u00e1t vesz\u00fcnk fel a Zoom\/Teams \u00f3r\u00e1kon.&nbsp;<\/p>\n\n\n\n<p>A tan\u00f3r\u00e1kon k\u00edv\u00fcl rendszeresen vannak iskolai szint\u0171 k\u00f6z\u00f6s projektjeink, kreat\u00edv p\u00e1ly\u00e1zataink, rajzversenyeink, melyek legt\u00f6bbsz\u00f6r m\u00e1s k\u00f6z\u00f6ss\u00e9gek sz\u00e1m\u00e1ra is nyitottak. Ilyen volt p\u00e9ld\u00e1ul a hungarikum p\u00e1ly\u00e1zat, melyre t\u00f6bb h\u00e9tv\u00e9gi magyar iskol\u00e1b\u00f3l is \u00e9rkeztek alkot\u00e1sok. Van egy folyamatosan b\u0151v\u00fcl\u0151 versgy\u0171jtem\u00e9ny\u00fcnk is egy online fali\u00fajs\u00e1gon, ahova a k\u00fcl\u00f6nb\u00f6z\u0151 csoportokba j\u00e1r\u00f3 gyerekek fel tudj\u00e1k tenni versmond\u00e1suk hangfelv\u00e9teleit, illetve k\u00e9r\u00e9s\u00fckre, most m\u00e1r kedvenc dalaikat is. T\u00f6bb k\u00f6z\u00f6s online mesek\u00f6nyv is sz\u00fcletett m\u00e1r tanul\u00f3ink toll\u00e1b\u00f3l, melyeknek a sz\u00f6veg\u00e9n \u00e9s illusztr\u00e1ci\u00f3j\u00e1n hetekig dolgoztak egy\u00fctt a gyerekek.<br><\/p>\n","protected":false},"excerpt":{"rendered":"<p>\u00d3rarend\u00fcnket \u00fagy alak\u00edtjuk ki, hogy a k\u00fcl\u00f6nb\u00f6z\u0151 id\u0151z\u00f3n\u00e1kban, K\u00edn\u00e1t\u00f3l eg\u00e9szen [&hellip;]<\/p>\n","protected":false},"author":3,"featured_media":0,"parent":1383,"menu_order":2,"comment_status":"closed","ping_status":"closed","template":"","meta":{"_exactmetrics_skip_tracking":false,"_exactmetrics_sitenote_active":false,"_exactmetrics_sitenote_note":"","_exactmetrics_sitenote_category":0,"footnotes":""},"class_list":["post-1396","page","type-page","status-publish","hentry"],"acf":[],"yoast_head":"<!-- This site is optimized with the Yoast SEO plugin v26.9 - https:\/\/yoast.com\/product\/yoast-seo-wordpress\/ -->\n<title>Csoportjaink - Online Magyar Iskola<\/title>\n<meta name=\"robots\" content=\"index, follow, max-snippet:-1, max-image-preview:large, max-video-preview:-1\" \/>\n<link rel=\"canonical\" href=\"https:\/\/onlinemagyariskola.com\/web\/oktatas\/csoportjaink\" \/>\n<meta property=\"og:locale\" content=\"en_US\" \/>\n<meta property=\"og:type\" content=\"article\" \/>\n<meta property=\"og:title\" content=\"Csoportjaink - Online Magyar Iskola\" \/>\n<meta property=\"og:description\" content=\"\u00d3rarend\u00fcnket \u00fagy alak\u00edtjuk ki, hogy a k\u00fcl\u00f6nb\u00f6z\u0151 id\u0151z\u00f3n\u00e1kban, K\u00edn\u00e1t\u00f3l eg\u00e9szen [&hellip;]\" \/>\n<meta property=\"og:url\" content=\"https:\/\/onlinemagyariskola.com\/web\/oktatas\/csoportjaink\" \/>\n<meta property=\"og:site_name\" content=\"Online Magyar Iskola\" \/>\n<meta property=\"article:modified_time\" content=\"2025-06-16T15:13:33+00:00\" \/>\n<meta property=\"og:image\" content=\"https:\/\/onlinemagyariskola.com\/web\/wp-content\/uploads\/2019\/12\/BeFunky-collage-scaled.jpg\" \/>\n\t<meta property=\"og:image:width\" content=\"2560\" \/>\n\t<meta property=\"og:image:height\" content=\"1707\" \/>\n\t<meta property=\"og:image:type\" content=\"image\/jpeg\" \/>\n<meta name=\"twitter:card\" content=\"summary_large_image\" \/>\n<meta name=\"twitter:label1\" content=\"Est. reading time\" \/>\n\t<meta name=\"twitter:data1\" content=\"3 minutes\" \/>\n<script type=\"application\/ld+json\" class=\"yoast-schema-graph\">{\"@context\":\"https:\/\/schema.org\",\"@graph\":[{\"@type\":\"WebPage\",\"@id\":\"https:\/\/onlinemagyariskola.com\/web\/oktatas\/csoportjaink\",\"url\":\"https:\/\/onlinemagyariskola.com\/web\/oktatas\/csoportjaink\",\"name\":\"Csoportjaink - Online Magyar Iskola\",\"isPartOf\":{\"@id\":\"https:\/\/onlinemagyariskola.com\/web\/#website\"},\"datePublished\":\"2019-12-16T15:41:13+00:00\",\"dateModified\":\"2025-06-16T15:13:33+00:00\",\"breadcrumb\":{\"@id\":\"https:\/\/onlinemagyariskola.com\/web\/oktatas\/csoportjaink#breadcrumb\"},\"inLanguage\":\"en-US\",\"potentialAction\":[{\"@type\":\"ReadAction\",\"target\":[\"https:\/\/onlinemagyariskola.com\/web\/oktatas\/csoportjaink\"]}]},{\"@type\":\"BreadcrumbList\",\"@id\":\"https:\/\/onlinemagyariskola.com\/web\/oktatas\/csoportjaink#breadcrumb\",\"itemListElement\":[{\"@type\":\"ListItem\",\"position\":1,\"name\":\"Home\",\"item\":\"https:\/\/onlinemagyariskola.com\/web\/\"},{\"@type\":\"ListItem\",\"position\":2,\"name\":\"Oktat\u00e1s\",\"item\":\"https:\/\/onlinemagyariskola.com\/web\/oktatas\"},{\"@type\":\"ListItem\",\"position\":3,\"name\":\"Csoportjaink\"}]},{\"@type\":\"WebSite\",\"@id\":\"https:\/\/onlinemagyariskola.com\/web\/#website\",\"url\":\"https:\/\/onlinemagyariskola.com\/web\/\",\"name\":\"Online Magyar Iskola\",\"description\":\"Your SUPER-powered WP Engine Blog\",\"potentialAction\":[{\"@type\":\"SearchAction\",\"target\":{\"@type\":\"EntryPoint\",\"urlTemplate\":\"https:\/\/onlinemagyariskola.com\/web\/?s={search_term_string}\"},\"query-input\":{\"@type\":\"PropertyValueSpecification\",\"valueRequired\":true,\"valueName\":\"search_term_string\"}}],\"inLanguage\":\"en-US\"}]}<\/script>\n<!-- \/ Yoast SEO plugin. -->","yoast_head_json":{"title":"Csoportjaink - Online Magyar Iskola","robots":{"index":"index","follow":"follow","max-snippet":"max-snippet:-1","max-image-preview":"max-image-preview:large","max-video-preview":"max-video-preview:-1"},"canonical":"https:\/\/onlinemagyariskola.com\/web\/oktatas\/csoportjaink","og_locale":"en_US","og_type":"article","og_title":"Csoportjaink - Online Magyar Iskola","og_description":"\u00d3rarend\u00fcnket \u00fagy alak\u00edtjuk ki, hogy a k\u00fcl\u00f6nb\u00f6z\u0151 id\u0151z\u00f3n\u00e1kban, K\u00edn\u00e1t\u00f3l eg\u00e9szen [&hellip;]","og_url":"https:\/\/onlinemagyariskola.com\/web\/oktatas\/csoportjaink","og_site_name":"Online Magyar Iskola","article_modified_time":"2025-06-16T15:13:33+00:00","og_image":[{"width":2560,"height":1707,"url":"https:\/\/onlinemagyariskola.com\/web\/wp-content\/uploads\/2019\/12\/BeFunky-collage-scaled.jpg","type":"image\/jpeg"}],"twitter_card":"summary_large_image","twitter_misc":{"Est. reading time":"3 minutes"},"schema":{"@context":"https:\/\/schema.org","@graph":[{"@type":"WebPage","@id":"https:\/\/onlinemagyariskola.com\/web\/oktatas\/csoportjaink","url":"https:\/\/onlinemagyariskola.com\/web\/oktatas\/csoportjaink","name":"Csoportjaink - Online Magyar Iskola","isPartOf":{"@id":"https:\/\/onlinemagyariskola.com\/web\/#website"},"datePublished":"2019-12-16T15:41:13+00:00","dateModified":"2025-06-16T15:13:33+00:00","breadcrumb":{"@id":"https:\/\/onlinemagyariskola.com\/web\/oktatas\/csoportjaink#breadcrumb"},"inLanguage":"en-US","potentialAction":[{"@type":"ReadAction","target":["https:\/\/onlinemagyariskola.com\/web\/oktatas\/csoportjaink"]}]},{"@type":"BreadcrumbList","@id":"https:\/\/onlinemagyariskola.com\/web\/oktatas\/csoportjaink#breadcrumb","itemListElement":[{"@type":"ListItem","position":1,"name":"Home","item":"https:\/\/onlinemagyariskola.com\/web\/"},{"@type":"ListItem","position":2,"name":"Oktat\u00e1s","item":"https:\/\/onlinemagyariskola.com\/web\/oktatas"},{"@type":"ListItem","position":3,"name":"Csoportjaink"}]},{"@type":"WebSite","@id":"https:\/\/onlinemagyariskola.com\/web\/#website","url":"https:\/\/onlinemagyariskola.com\/web\/","name":"Online Magyar Iskola","description":"Your SUPER-powered WP Engine Blog","potentialAction":[{"@type":"SearchAction","target":{"@type":"EntryPoint","urlTemplate":"https:\/\/onlinemagyariskola.com\/web\/?s={search_term_string}"},"query-input":{"@type":"PropertyValueSpecification","valueRequired":true,"valueName":"search_term_string"}}],"inLanguage":"en-US"}]}},"_links":{"self":[{"href":"https:\/\/onlinemagyariskola.com\/web\/wp-json\/wp\/v2\/pages\/1396","targetHints":{"allow":["GET"]}}],"collection":[{"href":"https:\/\/onlinemagyariskola.com\/web\/wp-json\/wp\/v2\/pages"}],"about":[{"href":"https:\/\/onlinemagyariskola.com\/web\/wp-json\/wp\/v2\/types\/page"}],"author":[{"embeddable":true,"href":"https:\/\/onlinemagyariskola.com\/web\/wp-json\/wp\/v2\/users\/3"}],"replies":[{"embeddable":true,"href":"https:\/\/onlinemagyariskola.com\/web\/wp-json\/wp\/v2\/comments?post=1396"}],"version-history":[{"count":31,"href":"https:\/\/onlinemagyariskola.com\/web\/wp-json\/wp\/v2\/pages\/1396\/revisions"}],"predecessor-version":[{"id":4467,"href":"https:\/\/onlinemagyariskola.com\/web\/wp-json\/wp\/v2\/pages\/1396\/revisions\/4467"}],"up":[{"embeddable":true,"href":"https:\/\/onlinemagyariskola.com\/web\/wp-json\/wp\/v2\/pages\/1383"}],"wp:attachment":[{"href":"https:\/\/onlinemagyariskola.com\/web\/wp-json\/wp\/v2\/media?parent=1396"}],"curies":[{"name":"wp","href":"https:\/\/api.w.org\/{rel}","templated":true}]}}