{"id":1395,"date":"2019-12-16T15:41:13","date_gmt":"2019-12-16T15:41:13","guid":{"rendered":"https:\/\/onlinemagyariskola.com\/web\/oktatas\/orarend"},"modified":"2026-02-01T15:54:01","modified_gmt":"2026-02-01T19:54:01","slug":"orarend","status":"publish","type":"page","link":"https:\/\/onlinemagyariskola.com\/web\/oktatas\/orarend","title":{"rendered":"\u00d3rarend"},"content":{"rendered":"\n<p class=\"has-text-align-center\"><em><strong>Minden csoportunkban hetente egyszer tartunk \u00f3r\u00e1t, egy foglalkoz\u00e1s 60 perces<\/strong><\/em> <\/p>\n\n\n\n<p class=\"has-text-align-center\"><em>(kiv\u00e9ve az \u00f3rarendben k\u00fcl\u00f6n jel\u00f6lt foglalkoz\u00e1sok)<\/em><\/p>\n\n\n\n<h2 class=\"wp-block-heading has-text-align-center\">2025\/26-os tan\u00e9v tavaszi f\u00e9l\u00e9v<\/h2>\n\n\n\n<ul class=\"wp-block-list has-small-font-size\">\n<li>Az id\u0151pontok <strong>New York-i id\u0151 szerint<\/strong> \u00e9rtend\u0151k.<\/li>\n\n\n\n<li><em><strong>MID:<\/strong> magyar mint idegen nyelv<\/em> \/ sz\u00e1rmaz\u00e1si nyelv<\/li>\n\n\n\n<li><strong>K\u00f6zismereti t\u00e1rgyak:<\/strong> magyar irodalom, nyelvtan, t\u00f6rt\u00e9nelem, term\u00e9szetismeret, n\u00e9prajz<\/li>\n<\/ul>\n\n\n<div class=\"wp-block-image\">\n<figure class=\"aligncenter size-full\"><img loading=\"lazy\" decoding=\"async\" width=\"2018\" height=\"2560\" src=\"https:\/\/onlinemagyariskola.com\/web\/wp-content\/uploads\/2026\/02\/Kep.-2026.-02.-01.-du.-2.51-scaled.png\" alt=\"\" class=\"wp-image-4643\" srcset=\"https:\/\/onlinemagyariskola.com\/web\/wp-content\/uploads\/2026\/02\/Kep.-2026.-02.-01.-du.-2.51-scaled.png 2018w, https:\/\/onlinemagyariskola.com\/web\/wp-content\/uploads\/2026\/02\/Kep.-2026.-02.-01.-du.-2.51-236x300.png 236w, https:\/\/onlinemagyariskola.com\/web\/wp-content\/uploads\/2026\/02\/Kep.-2026.-02.-01.-du.-2.51-807x1024.png 807w, https:\/\/onlinemagyariskola.com\/web\/wp-content\/uploads\/2026\/02\/Kep.-2026.-02.-01.-du.-2.51-768x974.png 768w, https:\/\/onlinemagyariskola.com\/web\/wp-content\/uploads\/2026\/02\/Kep.-2026.-02.-01.-du.-2.51-1211x1536.png 1211w, https:\/\/onlinemagyariskola.com\/web\/wp-content\/uploads\/2026\/02\/Kep.-2026.-02.-01.-du.-2.51-1614x2048.png 1614w, https:\/\/onlinemagyariskola.com\/web\/wp-content\/uploads\/2026\/02\/Kep.-2026.-02.-01.-du.-2.51-1320x1675.png 1320w\" sizes=\"auto, (max-width: 2018px) 100vw, 2018px\" \/><\/figure>\n<\/div>\n\n\n<p class=\"has-background\" style=\"background-color:#d3e5f1\"><strong>Szeretn\u00e9d tudni, hogy mikor vannak a csoportok a Te id\u0151z\u00f3n\u00e1dban? Kattints ide: <a rel=\"noreferrer noopener\" href=\"https:\/\/www.timeanddate.com\/worldclock\/converter.html\" target=\"_blank\">Id\u0151z\u00f3na konvert\u00e1l\u00f3&nbsp;<\/a><\/strong><\/p>\n\n\n\n<p class=\"has-text-align-left\"><strong>R\u00e9szletes keres\u0151nkben sz\u0171rhettek tant\u00e1rgy, id\u0151pont vagy a tan\u00e1r neve szerint<\/strong> <em>(a jobb fels\u0151 sarokban tal\u00e1lhat\u00f3 nagy\u00edt\u00f3 seg\u00edts\u00e9g\u00e9vel):<\/em><\/p>\n\n\n\n<center><div class=\"padlet-embed\" style=\"border:1px solid rgba(0,0,0,0.1);border-radius:2px;box-sizing:border-box;overflow:hidden;position:relative;width:480px;height:352px;max-width:100%\"><iframe src=\"https:\/\/padlet.com\/padlets\/ilwvs7u3tosbjouk\/embeds\/preview_embed\" style=\"width:100%;height:100%;display:block;padding:0;margin:0\" frameborder=\"0\"><\/iframe><\/div><\/center>\n","protected":false},"excerpt":{"rendered":"<p>Minden csoportunkban hetente egyszer tartunk \u00f3r\u00e1t, egy foglalkoz\u00e1s 60 perces [&hellip;]<\/p>\n","protected":false},"author":3,"featured_media":0,"parent":1383,"menu_order":1,"comment_status":"closed","ping_status":"closed","template":"","meta":{"_exactmetrics_skip_tracking":false,"_exactmetrics_sitenote_active":false,"_exactmetrics_sitenote_note":"","_exactmetrics_sitenote_category":0,"footnotes":""},"class_list":["post-1395","page","type-page","status-publish","hentry"],"acf":[],"yoast_head":"<!-- This site is optimized with the Yoast SEO plugin v26.9 - https:\/\/yoast.com\/product\/yoast-seo-wordpress\/ -->\n<title>\u00d3rarend - Online Magyar Iskola<\/title>\n<meta name=\"robots\" content=\"index, follow, max-snippet:-1, max-image-preview:large, max-video-preview:-1\" \/>\n<link rel=\"canonical\" href=\"https:\/\/onlinemagyariskola.com\/web\/oktatas\/orarend\" \/>\n<meta property=\"og:locale\" content=\"en_US\" \/>\n<meta property=\"og:type\" content=\"article\" \/>\n<meta property=\"og:title\" content=\"\u00d3rarend - Online Magyar Iskola\" \/>\n<meta property=\"og:description\" content=\"Minden csoportunkban hetente egyszer tartunk \u00f3r\u00e1t, egy foglalkoz\u00e1s 60 perces [&hellip;]\" \/>\n<meta property=\"og:url\" content=\"https:\/\/onlinemagyariskola.com\/web\/oktatas\/orarend\" \/>\n<meta property=\"og:site_name\" content=\"Online Magyar Iskola\" \/>\n<meta property=\"article:modified_time\" content=\"2026-02-01T19:54:01+00:00\" \/>\n<meta property=\"og:image\" content=\"https:\/\/onlinemagyariskola.com\/web\/wp-content\/uploads\/2026\/02\/Kep.-2026.-02.-01.-du.-2.51-scaled.png\" \/>\n<meta name=\"twitter:card\" content=\"summary_large_image\" \/>\n<meta name=\"twitter:label1\" content=\"Est. reading time\" \/>\n\t<meta name=\"twitter:data1\" content=\"1 minute\" \/>\n<script type=\"application\/ld+json\" class=\"yoast-schema-graph\">{\"@context\":\"https:\/\/schema.org\",\"@graph\":[{\"@type\":\"WebPage\",\"@id\":\"https:\/\/onlinemagyariskola.com\/web\/oktatas\/orarend\",\"url\":\"https:\/\/onlinemagyariskola.com\/web\/oktatas\/orarend\",\"name\":\"\u00d3rarend - Online Magyar Iskola\",\"isPartOf\":{\"@id\":\"https:\/\/onlinemagyariskola.com\/web\/#website\"},\"primaryImageOfPage\":{\"@id\":\"https:\/\/onlinemagyariskola.com\/web\/oktatas\/orarend#primaryimage\"},\"image\":{\"@id\":\"https:\/\/onlinemagyariskola.com\/web\/oktatas\/orarend#primaryimage\"},\"thumbnailUrl\":\"https:\/\/onlinemagyariskola.com\/web\/wp-content\/uploads\/2026\/02\/Kep.-2026.-02.-01.-du.-2.51-scaled.png\",\"datePublished\":\"2019-12-16T15:41:13+00:00\",\"dateModified\":\"2026-02-01T19:54:01+00:00\",\"breadcrumb\":{\"@id\":\"https:\/\/onlinemagyariskola.com\/web\/oktatas\/orarend#breadcrumb\"},\"inLanguage\":\"en-US\",\"potentialAction\":[{\"@type\":\"ReadAction\",\"target\":[\"https:\/\/onlinemagyariskola.com\/web\/oktatas\/orarend\"]}]},{\"@type\":\"ImageObject\",\"inLanguage\":\"en-US\",\"@id\":\"https:\/\/onlinemagyariskola.com\/web\/oktatas\/orarend#primaryimage\",\"url\":\"https:\/\/onlinemagyariskola.com\/web\/wp-content\/uploads\/2026\/02\/Kep.-2026.-02.-01.-du.-2.51-scaled.png\",\"contentUrl\":\"https:\/\/onlinemagyariskola.com\/web\/wp-content\/uploads\/2026\/02\/Kep.-2026.-02.-01.-du.-2.51-scaled.png\",\"width\":2018,\"height\":2560},{\"@type\":\"BreadcrumbList\",\"@id\":\"https:\/\/onlinemagyariskola.com\/web\/oktatas\/orarend#breadcrumb\",\"itemListElement\":[{\"@type\":\"ListItem\",\"position\":1,\"name\":\"Home\",\"item\":\"https:\/\/onlinemagyariskola.com\/web\/\"},{\"@type\":\"ListItem\",\"position\":2,\"name\":\"Oktat\u00e1s\",\"item\":\"https:\/\/onlinemagyariskola.com\/web\/oktatas\"},{\"@type\":\"ListItem\",\"position\":3,\"name\":\"\u00d3rarend\"}]},{\"@type\":\"WebSite\",\"@id\":\"https:\/\/onlinemagyariskola.com\/web\/#website\",\"url\":\"https:\/\/onlinemagyariskola.com\/web\/\",\"name\":\"Online Magyar Iskola\",\"description\":\"Your SUPER-powered WP Engine Blog\",\"potentialAction\":[{\"@type\":\"SearchAction\",\"target\":{\"@type\":\"EntryPoint\",\"urlTemplate\":\"https:\/\/onlinemagyariskola.com\/web\/?s={search_term_string}\"},\"query-input\":{\"@type\":\"PropertyValueSpecification\",\"valueRequired\":true,\"valueName\":\"search_term_string\"}}],\"inLanguage\":\"en-US\"}]}<\/script>\n<!-- \/ Yoast SEO plugin. -->","yoast_head_json":{"title":"\u00d3rarend - Online Magyar Iskola","robots":{"index":"index","follow":"follow","max-snippet":"max-snippet:-1","max-image-preview":"max-image-preview:large","max-video-preview":"max-video-preview:-1"},"canonical":"https:\/\/onlinemagyariskola.com\/web\/oktatas\/orarend","og_locale":"en_US","og_type":"article","og_title":"\u00d3rarend - Online Magyar Iskola","og_description":"Minden csoportunkban hetente egyszer tartunk \u00f3r\u00e1t, egy foglalkoz\u00e1s 60 perces [&hellip;]","og_url":"https:\/\/onlinemagyariskola.com\/web\/oktatas\/orarend","og_site_name":"Online Magyar Iskola","article_modified_time":"2026-02-01T19:54:01+00:00","og_image":[{"url":"https:\/\/onlinemagyariskola.com\/web\/wp-content\/uploads\/2026\/02\/Kep.-2026.-02.-01.-du.-2.51-scaled.png","type":"","width":"","height":""}],"twitter_card":"summary_large_image","twitter_misc":{"Est. reading time":"1 minute"},"schema":{"@context":"https:\/\/schema.org","@graph":[{"@type":"WebPage","@id":"https:\/\/onlinemagyariskola.com\/web\/oktatas\/orarend","url":"https:\/\/onlinemagyariskola.com\/web\/oktatas\/orarend","name":"\u00d3rarend - Online Magyar Iskola","isPartOf":{"@id":"https:\/\/onlinemagyariskola.com\/web\/#website"},"primaryImageOfPage":{"@id":"https:\/\/onlinemagyariskola.com\/web\/oktatas\/orarend#primaryimage"},"image":{"@id":"https:\/\/onlinemagyariskola.com\/web\/oktatas\/orarend#primaryimage"},"thumbnailUrl":"https:\/\/onlinemagyariskola.com\/web\/wp-content\/uploads\/2026\/02\/Kep.-2026.-02.-01.-du.-2.51-scaled.png","datePublished":"2019-12-16T15:41:13+00:00","dateModified":"2026-02-01T19:54:01+00:00","breadcrumb":{"@id":"https:\/\/onlinemagyariskola.com\/web\/oktatas\/orarend#breadcrumb"},"inLanguage":"en-US","potentialAction":[{"@type":"ReadAction","target":["https:\/\/onlinemagyariskola.com\/web\/oktatas\/orarend"]}]},{"@type":"ImageObject","inLanguage":"en-US","@id":"https:\/\/onlinemagyariskola.com\/web\/oktatas\/orarend#primaryimage","url":"https:\/\/onlinemagyariskola.com\/web\/wp-content\/uploads\/2026\/02\/Kep.-2026.-02.-01.-du.-2.51-scaled.png","contentUrl":"https:\/\/onlinemagyariskola.com\/web\/wp-content\/uploads\/2026\/02\/Kep.-2026.-02.-01.-du.-2.51-scaled.png","width":2018,"height":2560},{"@type":"BreadcrumbList","@id":"https:\/\/onlinemagyariskola.com\/web\/oktatas\/orarend#breadcrumb","itemListElement":[{"@type":"ListItem","position":1,"name":"Home","item":"https:\/\/onlinemagyariskola.com\/web\/"},{"@type":"ListItem","position":2,"name":"Oktat\u00e1s","item":"https:\/\/onlinemagyariskola.com\/web\/oktatas"},{"@type":"ListItem","position":3,"name":"\u00d3rarend"}]},{"@type":"WebSite","@id":"https:\/\/onlinemagyariskola.com\/web\/#website","url":"https:\/\/onlinemagyariskola.com\/web\/","name":"Online Magyar Iskola","description":"Your SUPER-powered WP Engine Blog","potentialAction":[{"@type":"SearchAction","target":{"@type":"EntryPoint","urlTemplate":"https:\/\/onlinemagyariskola.com\/web\/?s={search_term_string}"},"query-input":{"@type":"PropertyValueSpecification","valueRequired":true,"valueName":"search_term_string"}}],"inLanguage":"en-US"}]}},"_links":{"self":[{"href":"https:\/\/onlinemagyariskola.com\/web\/wp-json\/wp\/v2\/pages\/1395","targetHints":{"allow":["GET"]}}],"collection":[{"href":"https:\/\/onlinemagyariskola.com\/web\/wp-json\/wp\/v2\/pages"}],"about":[{"href":"https:\/\/onlinemagyariskola.com\/web\/wp-json\/wp\/v2\/types\/page"}],"author":[{"embeddable":true,"href":"https:\/\/onlinemagyariskola.com\/web\/wp-json\/wp\/v2\/users\/3"}],"replies":[{"embeddable":true,"href":"https:\/\/onlinemagyariskola.com\/web\/wp-json\/wp\/v2\/comments?post=1395"}],"version-history":[{"count":129,"href":"https:\/\/onlinemagyariskola.com\/web\/wp-json\/wp\/v2\/pages\/1395\/revisions"}],"predecessor-version":[{"id":4646,"href":"https:\/\/onlinemagyariskola.com\/web\/wp-json\/wp\/v2\/pages\/1395\/revisions\/4646"}],"up":[{"embeddable":true,"href":"https:\/\/onlinemagyariskola.com\/web\/wp-json\/wp\/v2\/pages\/1383"}],"wp:attachment":[{"href":"https:\/\/onlinemagyariskola.com\/web\/wp-json\/wp\/v2\/media?parent=1395"}],"curies":[{"name":"wp","href":"https:\/\/api.w.org\/{rel}","templated":true}]}}