{"id":1392,"date":"2019-12-16T15:40:16","date_gmt":"2019-12-16T15:40:16","guid":{"rendered":"https:\/\/onlinemagyariskola.com\/web\/magunkrol\/tandij-tamogatas"},"modified":"2025-09-09T17:38:39","modified_gmt":"2025-09-09T21:38:39","slug":"tandij-tamogatas","status":"publish","type":"page","link":"https:\/\/onlinemagyariskola.com\/web\/oktatas\/tandij-tamogatas","title":{"rendered":"Tand\u00edj, t\u00e1mogat\u00e1s"},"content":{"rendered":"\n<h2 class=\"wp-block-heading\">TAND\u00cdJ<\/h2>\n\n\n\n<p><strong><em>A tand\u00edj mag\u00e1ban foglalja a tan\u00f3r\u00e1kat, hozz\u00e1f\u00e9r\u00e9st a bels\u0151 rendszer\u00fcnkh\u00f6z \u00e9s a teljes tan\u00e9v anyag\u00e1hoz, illetve az otthoni gyakorl\u00e1st seg\u00edt\u0151 feladatokat.<\/em><\/strong><\/p>\n\n\n\n<p>A 60 perces <strong>magyar \u00f3r\u00e1k<\/strong> d\u00edja <strong>$15&nbsp;(USD)<\/strong>, a 30 perces <strong>Zeneovi<\/strong> foglalkoz\u00e1s <strong>$9 (USD)<\/strong> egy di\u00e1knak.<\/p>\n\n\n\n<p>A <strong>feln\u0151tt magyar nyelv\u00f3r\u00e1k<\/strong> eset\u00e9ben a t\u00e9r\u00edt\u00e9si d\u00edj <strong>$18 (USD)<\/strong>\/60 perc.<strong>        <\/strong><\/p>\n\n\n\n<p>A magyar \u00f3r\u00e1k tand\u00edj\u00e1nak befizet\u00e9se <strong>f\u00e9l\u00e9vente egy \u00f6sszegben<\/strong> t\u00f6rt\u00e9nik (a f\u00e9l\u00e9v elej\u00e9n), <strong>Paypal<\/strong>-on (<strong>payments@onlinemagyariskola.com<\/strong>) vagy <strong>Zelle<\/strong>-n kereszt\u00fcl (<strong>onlinemagyariskola@gmail.com<\/strong>). Az els\u0151 \u00f3ra kipr\u00f3b\u00e1l\u00e1sa minden di\u00e1k sz\u00e1m\u00e1ra t\u00e9r\u00edt\u00e9smentesen biztos\u00edtott, a tand\u00edj \u00e9rtes\u00edt\u0151ket csak az els\u0151 hetet k\u00f6vet\u0151en k\u00fcldj\u00fck ki.<\/p>\n\n\n\n<p>A<strong> Matematika Tehets\u00e9ggondoz\u00f3 Program d\u00edja<\/strong> (60 perces foglalkoz\u00e1sok): <strong>$20 (USD)\/\u00f3ra<\/strong><\/p>\n\n\n\n<p><em><strong>T\u00f6bbgyermekes csal\u00e1doknak<\/strong> kedvezm\u00e9nyt biztos\u00edtunk: az els\u0151 teljes \u00e1ron j\u00e1r\u00f3 gyermek ut\u00e1n minden tov\u00e1bbi gyermek <strong>10% kedvezm\u00e9nyt<\/strong> kap a tand\u00edjb\u00f3l.<\/em><\/p>\n\n\n\n<p><em>K\u00fcldet\u00e9s\u00fcnk, hogy a diaszp\u00f3r\u00e1ban \u00e9l\u0151 magyar gyerekeknek a vil\u00e1g minden r\u00e9sz\u00e9n biztos\u00edtott legyen a magyartanul\u00e1s. Ezt szem el\u0151tt tartva, az arra r\u00e1szorul\u00f3 gyerekeknek tand\u00edjmentess\u00e9get, illetve tand\u00edjhozz\u00e1j\u00e1rul\u00e1st biztos\u00edtunk k\u00fcl\u00f6nb\u00f6z\u0151 <strong><a href=\"https:\/\/onlinemagyariskola.com\/web\/wp-content\/uploads\/2025\/09\/OMI-osztondij-program-2025-osz.pdf\" target=\"_blank\" rel=\"noreferrer noopener\">\u00f6szt\u00f6nd\u00edjak<\/a><\/strong> form\u00e1j\u00e1ban.<\/em><\/p>\n\n\n\n<h2 class=\"wp-block-heading\">T\u00c1MOGAT\u00c1S<\/h2>\n\n\n\n<p>Iskol\u00e1nk non-profit szervezet. Amennyiben t\u00e1mogatni szeretne benn\u00fcnket, hogy min\u00e9l t\u00f6bb k\u00fclf\u00f6ld\u00f6n \u00e9l\u0151 magyar gyereknek seg\u00edthess\u00fcnk, k\u00e9rj\u00fck kattintson a lap alj\u00e1n tal\u00e1lhat\u00f3 &#8220;Donate&#8221; gombra. Adom\u00e1ny\u00e1r\u00f3l visszaigazol\u00e1st k\u00fcld\u00fcnk, amit felhaszn\u00e1lhat a szem\u00e9lyi j\u00f6vedelemad\u00f3 bevall\u00e1sakor.<\/p>\n\n\n\n<p>K\u00f6sz\u00f6nettel, az OMI csapata.<\/p>\n","protected":false},"excerpt":{"rendered":"<p>TAND\u00cdJ A tand\u00edj mag\u00e1ban foglalja a tan\u00f3r\u00e1kat, hozz\u00e1f\u00e9r\u00e9st a bels\u0151 [&hellip;]<\/p>\n","protected":false},"author":3,"featured_media":2485,"parent":1383,"menu_order":7,"comment_status":"closed","ping_status":"closed","template":"","meta":{"_exactmetrics_skip_tracking":false,"_exactmetrics_sitenote_active":false,"_exactmetrics_sitenote_note":"","_exactmetrics_sitenote_category":0,"footnotes":""},"class_list":["post-1392","page","type-page","status-publish","has-post-thumbnail","hentry"],"acf":[],"yoast_head":"<!-- This site is optimized with the Yoast SEO plugin v26.9 - https:\/\/yoast.com\/product\/yoast-seo-wordpress\/ -->\n<title>Tand\u00edj, t\u00e1mogat\u00e1s - Online Magyar Iskola<\/title>\n<meta name=\"robots\" content=\"index, follow, max-snippet:-1, max-image-preview:large, max-video-preview:-1\" \/>\n<link rel=\"canonical\" href=\"https:\/\/onlinemagyariskola.com\/web\/oktatas\/tandij-tamogatas\" \/>\n<meta property=\"og:locale\" content=\"en_US\" \/>\n<meta property=\"og:type\" content=\"article\" \/>\n<meta property=\"og:title\" content=\"Tand\u00edj, t\u00e1mogat\u00e1s - Online Magyar Iskola\" \/>\n<meta property=\"og:description\" content=\"TAND\u00cdJ A tand\u00edj mag\u00e1ban foglalja a tan\u00f3r\u00e1kat, hozz\u00e1f\u00e9r\u00e9st a bels\u0151 [&hellip;]\" \/>\n<meta property=\"og:url\" content=\"https:\/\/onlinemagyariskola.com\/web\/oktatas\/tandij-tamogatas\" \/>\n<meta property=\"og:site_name\" content=\"Online Magyar Iskola\" \/>\n<meta property=\"article:modified_time\" content=\"2025-09-09T21:38:39+00:00\" \/>\n<meta property=\"og:image\" content=\"https:\/\/onlinemagyariskola.com\/web\/wp-content\/uploads\/2020\/07\/images-1.jpg\" \/>\n\t<meta property=\"og:image:width\" content=\"314\" \/>\n\t<meta property=\"og:image:height\" content=\"161\" \/>\n\t<meta property=\"og:image:type\" content=\"image\/jpeg\" \/>\n<meta name=\"twitter:card\" content=\"summary_large_image\" \/>\n<meta name=\"twitter:label1\" content=\"Est. reading time\" \/>\n\t<meta name=\"twitter:data1\" content=\"2 minutes\" \/>\n<script type=\"application\/ld+json\" class=\"yoast-schema-graph\">{\"@context\":\"https:\/\/schema.org\",\"@graph\":[{\"@type\":\"WebPage\",\"@id\":\"https:\/\/onlinemagyariskola.com\/web\/oktatas\/tandij-tamogatas\",\"url\":\"https:\/\/onlinemagyariskola.com\/web\/oktatas\/tandij-tamogatas\",\"name\":\"Tand\u00edj, t\u00e1mogat\u00e1s - Online Magyar Iskola\",\"isPartOf\":{\"@id\":\"https:\/\/onlinemagyariskola.com\/web\/#website\"},\"primaryImageOfPage\":{\"@id\":\"https:\/\/onlinemagyariskola.com\/web\/oktatas\/tandij-tamogatas#primaryimage\"},\"image\":{\"@id\":\"https:\/\/onlinemagyariskola.com\/web\/oktatas\/tandij-tamogatas#primaryimage\"},\"thumbnailUrl\":\"https:\/\/onlinemagyariskola.com\/web\/wp-content\/uploads\/2020\/07\/images-1.jpg\",\"datePublished\":\"2019-12-16T15:40:16+00:00\",\"dateModified\":\"2025-09-09T21:38:39+00:00\",\"breadcrumb\":{\"@id\":\"https:\/\/onlinemagyariskola.com\/web\/oktatas\/tandij-tamogatas#breadcrumb\"},\"inLanguage\":\"en-US\",\"potentialAction\":[{\"@type\":\"ReadAction\",\"target\":[\"https:\/\/onlinemagyariskola.com\/web\/oktatas\/tandij-tamogatas\"]}]},{\"@type\":\"ImageObject\",\"inLanguage\":\"en-US\",\"@id\":\"https:\/\/onlinemagyariskola.com\/web\/oktatas\/tandij-tamogatas#primaryimage\",\"url\":\"https:\/\/onlinemagyariskola.com\/web\/wp-content\/uploads\/2020\/07\/images-1.jpg\",\"contentUrl\":\"https:\/\/onlinemagyariskola.com\/web\/wp-content\/uploads\/2020\/07\/images-1.jpg\",\"width\":314,\"height\":161},{\"@type\":\"BreadcrumbList\",\"@id\":\"https:\/\/onlinemagyariskola.com\/web\/oktatas\/tandij-tamogatas#breadcrumb\",\"itemListElement\":[{\"@type\":\"ListItem\",\"position\":1,\"name\":\"Home\",\"item\":\"https:\/\/onlinemagyariskola.com\/web\/\"},{\"@type\":\"ListItem\",\"position\":2,\"name\":\"Oktat\u00e1s\",\"item\":\"https:\/\/onlinemagyariskola.com\/web\/oktatas\"},{\"@type\":\"ListItem\",\"position\":3,\"name\":\"Tand\u00edj, t\u00e1mogat\u00e1s\"}]},{\"@type\":\"WebSite\",\"@id\":\"https:\/\/onlinemagyariskola.com\/web\/#website\",\"url\":\"https:\/\/onlinemagyariskola.com\/web\/\",\"name\":\"Online Magyar Iskola\",\"description\":\"Your SUPER-powered WP Engine Blog\",\"potentialAction\":[{\"@type\":\"SearchAction\",\"target\":{\"@type\":\"EntryPoint\",\"urlTemplate\":\"https:\/\/onlinemagyariskola.com\/web\/?s={search_term_string}\"},\"query-input\":{\"@type\":\"PropertyValueSpecification\",\"valueRequired\":true,\"valueName\":\"search_term_string\"}}],\"inLanguage\":\"en-US\"}]}<\/script>\n<!-- \/ Yoast SEO plugin. -->","yoast_head_json":{"title":"Tand\u00edj, t\u00e1mogat\u00e1s - Online Magyar Iskola","robots":{"index":"index","follow":"follow","max-snippet":"max-snippet:-1","max-image-preview":"max-image-preview:large","max-video-preview":"max-video-preview:-1"},"canonical":"https:\/\/onlinemagyariskola.com\/web\/oktatas\/tandij-tamogatas","og_locale":"en_US","og_type":"article","og_title":"Tand\u00edj, t\u00e1mogat\u00e1s - Online Magyar Iskola","og_description":"TAND\u00cdJ A tand\u00edj mag\u00e1ban foglalja a tan\u00f3r\u00e1kat, hozz\u00e1f\u00e9r\u00e9st a bels\u0151 [&hellip;]","og_url":"https:\/\/onlinemagyariskola.com\/web\/oktatas\/tandij-tamogatas","og_site_name":"Online Magyar Iskola","article_modified_time":"2025-09-09T21:38:39+00:00","og_image":[{"width":314,"height":161,"url":"https:\/\/onlinemagyariskola.com\/web\/wp-content\/uploads\/2020\/07\/images-1.jpg","type":"image\/jpeg"}],"twitter_card":"summary_large_image","twitter_misc":{"Est. reading time":"2 minutes"},"schema":{"@context":"https:\/\/schema.org","@graph":[{"@type":"WebPage","@id":"https:\/\/onlinemagyariskola.com\/web\/oktatas\/tandij-tamogatas","url":"https:\/\/onlinemagyariskola.com\/web\/oktatas\/tandij-tamogatas","name":"Tand\u00edj, t\u00e1mogat\u00e1s - Online Magyar Iskola","isPartOf":{"@id":"https:\/\/onlinemagyariskola.com\/web\/#website"},"primaryImageOfPage":{"@id":"https:\/\/onlinemagyariskola.com\/web\/oktatas\/tandij-tamogatas#primaryimage"},"image":{"@id":"https:\/\/onlinemagyariskola.com\/web\/oktatas\/tandij-tamogatas#primaryimage"},"thumbnailUrl":"https:\/\/onlinemagyariskola.com\/web\/wp-content\/uploads\/2020\/07\/images-1.jpg","datePublished":"2019-12-16T15:40:16+00:00","dateModified":"2025-09-09T21:38:39+00:00","breadcrumb":{"@id":"https:\/\/onlinemagyariskola.com\/web\/oktatas\/tandij-tamogatas#breadcrumb"},"inLanguage":"en-US","potentialAction":[{"@type":"ReadAction","target":["https:\/\/onlinemagyariskola.com\/web\/oktatas\/tandij-tamogatas"]}]},{"@type":"ImageObject","inLanguage":"en-US","@id":"https:\/\/onlinemagyariskola.com\/web\/oktatas\/tandij-tamogatas#primaryimage","url":"https:\/\/onlinemagyariskola.com\/web\/wp-content\/uploads\/2020\/07\/images-1.jpg","contentUrl":"https:\/\/onlinemagyariskola.com\/web\/wp-content\/uploads\/2020\/07\/images-1.jpg","width":314,"height":161},{"@type":"BreadcrumbList","@id":"https:\/\/onlinemagyariskola.com\/web\/oktatas\/tandij-tamogatas#breadcrumb","itemListElement":[{"@type":"ListItem","position":1,"name":"Home","item":"https:\/\/onlinemagyariskola.com\/web\/"},{"@type":"ListItem","position":2,"name":"Oktat\u00e1s","item":"https:\/\/onlinemagyariskola.com\/web\/oktatas"},{"@type":"ListItem","position":3,"name":"Tand\u00edj, t\u00e1mogat\u00e1s"}]},{"@type":"WebSite","@id":"https:\/\/onlinemagyariskola.com\/web\/#website","url":"https:\/\/onlinemagyariskola.com\/web\/","name":"Online Magyar Iskola","description":"Your SUPER-powered WP Engine Blog","potentialAction":[{"@type":"SearchAction","target":{"@type":"EntryPoint","urlTemplate":"https:\/\/onlinemagyariskola.com\/web\/?s={search_term_string}"},"query-input":{"@type":"PropertyValueSpecification","valueRequired":true,"valueName":"search_term_string"}}],"inLanguage":"en-US"}]}},"_links":{"self":[{"href":"https:\/\/onlinemagyariskola.com\/web\/wp-json\/wp\/v2\/pages\/1392","targetHints":{"allow":["GET"]}}],"collection":[{"href":"https:\/\/onlinemagyariskola.com\/web\/wp-json\/wp\/v2\/pages"}],"about":[{"href":"https:\/\/onlinemagyariskola.com\/web\/wp-json\/wp\/v2\/types\/page"}],"author":[{"embeddable":true,"href":"https:\/\/onlinemagyariskola.com\/web\/wp-json\/wp\/v2\/users\/3"}],"replies":[{"embeddable":true,"href":"https:\/\/onlinemagyariskola.com\/web\/wp-json\/wp\/v2\/comments?post=1392"}],"version-history":[{"count":34,"href":"https:\/\/onlinemagyariskola.com\/web\/wp-json\/wp\/v2\/pages\/1392\/revisions"}],"predecessor-version":[{"id":4586,"href":"https:\/\/onlinemagyariskola.com\/web\/wp-json\/wp\/v2\/pages\/1392\/revisions\/4586"}],"up":[{"embeddable":true,"href":"https:\/\/onlinemagyariskola.com\/web\/wp-json\/wp\/v2\/pages\/1383"}],"wp:featuredmedia":[{"embeddable":true,"href":"https:\/\/onlinemagyariskola.com\/web\/wp-json\/wp\/v2\/media\/2485"}],"wp:attachment":[{"href":"https:\/\/onlinemagyariskola.com\/web\/wp-json\/wp\/v2\/media?parent=1392"}],"curies":[{"name":"wp","href":"https:\/\/api.w.org\/{rel}","templated":true}]}}