{"id":1391,"date":"2019-12-16T15:40:16","date_gmt":"2019-12-16T15:40:16","guid":{"rendered":"https:\/\/onlinemagyariskola.com\/web\/magunkrol\/rolunk-mondtak"},"modified":"2020-02-02T14:20:59","modified_gmt":"2020-02-02T14:20:59","slug":"rolunk-mondtak","status":"publish","type":"page","link":"https:\/\/onlinemagyariskola.com\/web\/magunkrol\/rolunk-mondtak","title":{"rendered":"R\u00f3lunk mondt\u00e1k"},"content":{"rendered":"\t<div id=\"\" class=\"section section--acf-block section--acf-block-testimonials section--acf-block-testimonials-slider\">\n\t\t<div class=\"section__background\">\n\t\t\t\t\t<\/div>\n\t\t<div class=\"container pl-0 pr-0\">\n\t\t\t<div class=\"row\">\n\t\t\t\t<div class=\"col-12 section__heading\">\n\t\t\t\t\t\t\t\t\t<\/div>\n\t\t\t\t<div class=\"col-12 section__content\">\n\t\t\t\t\t<div class=\"owl-carousel testimonials\">\n\t\t\t\t\t\t\t\t\t\t\t\t\t<div class=\"testimonial\">\n\t\t\t\t\t\t\t\t<i class=\"fas fa-quote-left\"><\/i>\n\t\t\t\t\t\t\t\t<blockquote class=\"blockquote quote\">Nagyon h\u00e1l\u00e1s vagyok, hogy r\u00e1tal\u00e1ltunk az OMI-ra, mert rengeteg seg\u00edts\u00e9get ny\u00fajt a 4 \u00e9s 7 \u00e9ves gyermekeim magyar anyanyelv\u00e9nek fenntart\u00e1s\u00e1ban \u00e9s fejleszt\u00e9s\u00e9ben. B\u00e1r otthon magyarul besz\u00e9l\u00fcnk \u00e9s olvasunk, ezt nem lehet \u00f6sszehasonlitani azzal, amikor ir\u00e1ny\u00edtott foglalkoz\u00e1son tanulnak (vagy ink\u00e1bb j\u00e1tszanak) magyarul. A gyerekek nagyon \u00e9lvezik az \u00f3r\u00e1kat, amelyeket szakk\u00e9pzett, kedves \u00e9s professzion\u00e1lis tan\u00e1rok ir\u00e1ny\u00edtanak; sz\u00edvesen oldj\u00e1k meg az \u00e9rdekes feladatokat, \u00e9n pedig h\u00e1l\u00e1s vagyok, ami\u00e9rt p\u00e1r h\u00f3nap alatt hatalmas fejl\u0151d\u00e9sen mentek kereszt\u00fcl. Motiv\u00e1ci\u00f3t, figyelmet, szeretetet, hasznos id\u0151t\u00f6lt\u00e9st, \u00e9s nem utols\u00f3 sorban a valahova tartoz\u00e1s \u00e9lm\u00e9ny\u00e9t kapj\u00e1k, ami a tengeren t\u00falr\u00f3l sz\u00e1munkra felbecs\u00fclhetetlen kincs.<\/blockquote>\n\t\t\t\t\t\t\t\t<div class=\"client\">\n\t\t\t\t\t\t\t\t\t<div class=\"name\">Anett<\/div>\n\t\t\t\t\t\t\t\t\t<div class=\"location\">Springfield, IL, USA<\/div>\n\t\t\t\t\t\t\t\t<\/div>\n\t\t\t\t\t\t\t<\/div>\n\t\t\t\t\t\t\t\t\t\t\t\t\t<div class=\"testimonial\">\n\t\t\t\t\t\t\t\t<i class=\"fas fa-quote-left\"><\/i>\n\t\t\t\t\t\t\t\t<blockquote class=\"blockquote quote\">Az Online Magyar Iskola oktat\u00e1si m\u00f3dszerei, interakt\u00edv j\u00e1t\u00e9kai nagyon sokat seg\u00edtettek l\u00e1nyom \u00e9rdekl\u0151d\u00e9s\u00e9nek fenntart\u00e1s\u00e1ban. Az \u00f3r\u00e1k \u00e9rdekesek \u00e9s egyben sz\u00f3rakoztat\u00f3ak is.<\/blockquote>\n\t\t\t\t\t\t\t\t<div class=\"client\">\n\t\t\t\t\t\t\t\t\t<div class=\"name\">Judit<\/div>\n\t\t\t\t\t\t\t\t\t<div class=\"location\">Irmo, SC, USA<\/div>\n\t\t\t\t\t\t\t\t<\/div>\n\t\t\t\t\t\t\t<\/div>\n\t\t\t\t\t\t\t\t\t\t\t\t\t<div class=\"testimonial\">\n\t\t\t\t\t\t\t\t<i class=\"fas fa-quote-left\"><\/i>\n\t\t\t\t\t\t\t\t<blockquote class=\"blockquote quote\">A l\u00e1nyaim nagyon szeretnek az OMI-ban tanulni, nekem pedig hatalmas seg\u00edts\u00e9get ny\u00fajtanak a foglalkoz\u00e1sok abban, hogy tov\u00e1bb \u00e1poljuk \u00e9s fejlessz\u00fck a magyar nyelvet \u00e9s kult\u00far\u00e1t a gyerekekkel, t\u00e1vol a sz\u00fcl\u0151haz\u00e1jukt\u00f3l. A tan\u00e1rok f\u00e1radts\u00e1got nem ismerve, teljes elk\u00f6telezetts\u00e9ggel \u00e9s hatalmas lelkesed\u00e9ssel tan\u00edtj\u00e1k a di\u00e1kokat. Nagyon h\u00e1l\u00e1sak vagyunk a munk\u00e1juk\u00e9rt.<\/blockquote>\n\t\t\t\t\t\t\t\t<div class=\"client\">\n\t\t\t\t\t\t\t\t\t<div class=\"name\">Szonja<\/div>\n\t\t\t\t\t\t\t\t\t<div class=\"location\">Charlotte, NC, USA<\/div>\n\t\t\t\t\t\t\t\t<\/div>\n\t\t\t\t\t\t\t<\/div>\n\t\t\t\t\t\t\t\t\t\t\t\t\t<div class=\"testimonial\">\n\t\t\t\t\t\t\t\t<i class=\"fas fa-quote-left\"><\/i>\n\t\t\t\t\t\t\t\t<blockquote class=\"blockquote quote\">K\u00e9t hete lett v\u00e9ge a tan\u00e9vnek, \u00e9s a kisl\u00e1nyom tegnap azt k\u00e9rdezte, hogy mikor lesz m\u00e1r megint magyar iskola? Azt hiszem, ez mindent elmond arr\u00f3l, mennyire szerett\u00e9k a gyerekeim az \u00f3r\u00e1kat, m\u00e9g egy f\u00e1raszt\u00f3 iskolai nap ut\u00e1n is sz\u00edvesen r\u00e9szt vettek este az \u00f3r\u00e1kon.<\/blockquote>\n\t\t\t\t\t\t\t\t<div class=\"client\">\n\t\t\t\t\t\t\t\t\t<div class=\"name\">Szilvi<\/div>\n\t\t\t\t\t\t\t\t\t<div class=\"location\">Orleans, Franciaorsz\u00e1g<\/div>\n\t\t\t\t\t\t\t\t<\/div>\n\t\t\t\t\t\t\t<\/div>\n\t\t\t\t\t\t\t\t\t\t\t\t\t<div class=\"testimonial\">\n\t\t\t\t\t\t\t\t<i class=\"fas fa-quote-left\"><\/i>\n\t\t\t\t\t\t\t\t<blockquote class=\"blockquote quote\">6 \u00e9ves l\u00e1nyom \u00e9s 8 \u00e9ves fiam is az OMI-ra van utalva magyar nyelvtanul\u00e1s szempontj\u00e1b\u00f3l. Hihetetlen fejl\u0151d\u00e9st vettem \u00e9szre rajtuk m\u00e9g \u00fagy is, hogy csak egy \u00f3r\u00e1t j\u00e1rnak egy h\u00e9ten. Tan\u00e1r n\u00e9nik felk\u00e9sz\u00fcltek minden egyes \u00f3r\u00e1ra. Kreat\u00edvak. \u00d6tletesek \u00e9s motiv\u00e1lj\u00e1k a kisgyerekeket sokf\u00e9lek\u00e9ppen. Hanglejt\u00e9s\u00fck \u00e9s fegyelmez\u00e9seik kedvesek, ami egy kisgyerek sz\u00e1m\u00e1ra nagyon fontos. Meghozt\u00e1k \u00e9s megtartott\u00e1k a gyerekek kedv\u00e9t eg\u00e9sz \u00e9vben a magyar nyelv tanul\u00e1s\u00e1hoz. \r\nK\u00f6sz\u00f6nj\u00fck!<\/blockquote>\n\t\t\t\t\t\t\t\t<div class=\"client\">\n\t\t\t\t\t\t\t\t\t<div class=\"name\">Adrienn<\/div>\n\t\t\t\t\t\t\t\t\t<div class=\"location\">Astoria, NY, USA<\/div>\n\t\t\t\t\t\t\t\t<\/div>\n\t\t\t\t\t\t\t<\/div>\n\t\t\t\t\t\t\t\t\t\t\t\t\t<div class=\"testimonial\">\n\t\t\t\t\t\t\t\t<i class=\"fas fa-quote-left\"><\/i>\n\t\t\t\t\t\t\t\t<blockquote class=\"blockquote quote\">Nagyon \u00f6r\u00fcl\u00fcnk, hogy megtal\u00e1ltuk az Online Magyar Iskol\u00e1t. Seg\u00edt beiktatni a n\u00e9ha rohan\u00f3 napokba azt az ismeretanyagot, amit magyark\u00e9nt nagyon fontosnak tartunk \u00e9s seg\u00edti a magyar identit\u00e1s meg\u0151rz\u00e9s\u00e9t a gyerekekben. K\u00f6sz\u00f6nj\u00fck sz\u00e9pen a lelkes munk\u00e1jukat!\r\n<\/blockquote>\n\t\t\t\t\t\t\t\t<div class=\"client\">\n\t\t\t\t\t\t\t\t\t<div class=\"name\">Nikoletta<\/div>\n\t\t\t\t\t\t\t\t\t<div class=\"location\">Melilla, Spanyolorsz\u00e1g<\/div>\n\t\t\t\t\t\t\t\t<\/div>\n\t\t\t\t\t\t\t<\/div>\n\t\t\t\t\t\t\t\t\t\t\t\t\t<div class=\"testimonial\">\n\t\t\t\t\t\t\t\t<i class=\"fas fa-quote-left\"><\/i>\n\t\t\t\t\t\t\t\t<blockquote class=\"blockquote quote\">Az OMI nagyon j\u00f3 k\u00f6rnyezet magyartanul\u00e1sra, a kisl\u00e1nyom nagyon \u00e9lvezi az \u00f3r\u00e1kat, sz\u00edvesen vesz r\u00e9szt rajta, k\u00f6nnyen bekapcsol\u00f3dik, pedig visszah\u00faz\u00f3d\u00f3 t\u00edpus. A tan\u00e1r n\u00e9ni mindig pozit\u00edv, b\u00edztat\u00f3, dics\u00e9r\u0151 szavai nagy lend\u00fcletet adnak neki, \u00e9s alig v\u00e1rja, hogy az elv\u00e9gzett feladatokat bemutathassa, \u00e9lm\u00e9nyeit elmondhassa, egysz\u00f3val szuper! Teljes sz\u00edvvel aj\u00e1nljuk az OMI-t a k\u00fclf\u00f6ld\u00f6n \u00e9l\u0151 magyar csal\u00e1doknak!<\/blockquote>\n\t\t\t\t\t\t\t\t<div class=\"client\">\n\t\t\t\t\t\t\t\t\t<div class=\"name\">Anik\u00f3<\/div>\n\t\t\t\t\t\t\t\t\t<div class=\"location\">Eitorf, N\u00e9metorsz\u00e1g<\/div>\n\t\t\t\t\t\t\t\t<\/div>\n\t\t\t\t\t\t\t<\/div>\n\t\t\t\t\t\t\t\t\t\t\t\t\t<div class=\"testimonial\">\n\t\t\t\t\t\t\t\t<i class=\"fas fa-quote-left\"><\/i>\n\t\t\t\t\t\t\t\t<blockquote class=\"blockquote quote\">Nagyon meg vagyok el\u00e9gedve minden tan\u00e1r munk\u00e1j\u00e1val, \u00e9s a tananyag \u00f6ssze\u00e1ll\u00edt\u00e1s\u00e1val is. A l\u00e1nyomnak kellett n\u00e9ha egy kis biztatas, hogy h\u00e1zi feladatot csin\u00e1ljon, de mikor l\u00e1tta, hogy mosolyg\u00f3s arcokat lehet gy\u0171jteni vele, az nagyon motiv\u00e1lta. Mi nagyon h\u00e1l\u00e1sak vagyunk, hogy van az OMI, csak azt sajn\u00e1lom, hogy nem tal\u00e1ltunk r\u00e1 hamarabb!<\/blockquote>\n\t\t\t\t\t\t\t\t<div class=\"client\">\n\t\t\t\t\t\t\t\t\t<div class=\"name\">Ramona<\/div>\n\t\t\t\t\t\t\t\t\t<div class=\"location\">Dexter, MI, USA<\/div>\n\t\t\t\t\t\t\t\t<\/div>\n\t\t\t\t\t\t\t<\/div>\n\t\t\t\t\t\t\t\t\t\t\t\t\t<div class=\"testimonial\">\n\t\t\t\t\t\t\t\t<i class=\"fas fa-quote-left\"><\/i>\n\t\t\t\t\t\t\t\t<blockquote class=\"blockquote quote\">Ez az iskola fantasztikus. A tan\u00e1rok kedvesek, figyelmesek es t\u00fcrelmesek. A programnak k\u00f6sz\u00f6nhet\u0151en a kisl\u00e1nyom fenn tudja tartani a magyar t\u00e1rsalg\u00e1si tud\u00e1s\u00e1t olyan szinten, hogy nyaranta tud Magyarorsz\u00e1gon besz\u00e9lni a rokonokkal \u00e9s az ismer\u0151s\u00f6kkel. Amikor az egyik f\u00e9l\u00e9vben t\u00fal k\u00e9s\u0151n jelentkeztem, a k\u00fcl\u00f6nbs\u00e9g a tud\u00e1s\u00e1ban hatalmas volt \u00e9s szinte teljesen elz\u00e1rk\u00f3zott att\u00f3l, hogy magyarul besz\u00e9ljen. Nagyon h\u00e1l\u00e1s vagyok az iskola minden dolgoz\u00f3j\u00e1nak az\u00e9rt, amit az\u00e9rt tesznek, hogy a magyar nyelv tov\u00e1bb \u00e9ljen a csal\u00e1dunkban.<\/blockquote>\n\t\t\t\t\t\t\t\t<div class=\"client\">\n\t\t\t\t\t\t\t\t\t<div class=\"name\">\u00c1gnes<\/div>\n\t\t\t\t\t\t\t\t\t<div class=\"location\">Pasadena, MD, USA<\/div>\n\t\t\t\t\t\t\t\t<\/div>\n\t\t\t\t\t\t\t<\/div>\n\t\t\t\t\t\t\t\t\t\t\t\t\t<div class=\"testimonial\">\n\t\t\t\t\t\t\t\t<i class=\"fas fa-quote-left\"><\/i>\n\t\t\t\t\t\t\t\t<blockquote class=\"blockquote quote\">Kisiskol\u00e1s \u00e9s \u00f3vod\u00e1s kor\u00fa gyerekekkel \u00e9l\u00fcnk k\u00fclf\u00f6ld\u00f6n imm\u00e1r 3 \u00e9ve. Sz\u00e1momra megnyugtat\u00f3, hogy a gyerekek rendszeresen \u00e9s sz\u00edvesen j\u00e1rnak magyar k\u00f6z\u00f6ss\u00e9gbe, akkor is, ha csak online t\u00e9rben. \u00d6r\u00fcl\u00f6k, hogy megtanulj\u00e1k a magyar szok\u00e1sokat \u00fagy, ahogy \u00e9n is tanultam az \u00f3vod\u00e1ban. Nagyon meghat\u00f3dtam, amikor any\u00e1k napj\u00e1n gy\u00f6ny\u00f6r\u0171 kis versik\u00e9vel \u00e9s k\u00e9zzel k\u00e9sz\u00edtett, magyarul \u00edrt k\u00e9peslappal k\u00f6sz\u00f6nt\u00f6ttek fel. Az OMI egy csepp Magyarorsz\u00e1got hoz az \u00e9let\u00fcnkbe.<\/blockquote>\n\t\t\t\t\t\t\t\t<div class=\"client\">\n\t\t\t\t\t\t\t\t\t<div class=\"name\">Adrienn<\/div>\n\t\t\t\t\t\t\t\t\t<div class=\"location\">Rennes, Franciaorsz\u00e1g<\/div>\n\t\t\t\t\t\t\t\t<\/div>\n\t\t\t\t\t\t\t<\/div>\n\t\t\t\t\t\t\t\t\t\t\t\t\t<div class=\"testimonial\">\n\t\t\t\t\t\t\t\t<i class=\"fas fa-quote-left\"><\/i>\n\t\t\t\t\t\t\t\t<blockquote class=\"blockquote quote\">A gyerekeim sokat tanultak a k\u00f6zismereti \u00f3r\u00e1kon, ahol a kedves \u00e9s hozz\u00e1\u00e9rt\u0151 tan\u00e1rok inspir\u00e1lt\u00e1k \u0151ket. Az OMI kiv\u00e1l\u00f3an \u00f6tv\u00f6zi az elm\u00e9leti tud\u00e1st interakt\u00edv m\u00f3dszerekkel, ami nem csak felkelti a gyerekek \u00e9rdekl\u0151d\u00e9s\u00e9t a magyar \u00e9rt\u00e9kek ir\u00e1nt, de jelent\u0151sen b\u0151v\u00edti a magyar sz\u00f3kincs\u00fcket is.<\/blockquote>\n\t\t\t\t\t\t\t\t<div class=\"client\">\n\t\t\t\t\t\t\t\t\t<div class=\"name\">Zs\u00f3fia<\/div>\n\t\t\t\t\t\t\t\t\t<div class=\"location\">Dallas, PA, USA<\/div>\n\t\t\t\t\t\t\t\t<\/div>\n\t\t\t\t\t\t\t<\/div>\n\t\t\t\t\t\t\t\t\t\t\t\t\t<div class=\"testimonial\">\n\t\t\t\t\t\t\t\t<i class=\"fas fa-quote-left\"><\/i>\n\t\t\t\t\t\t\t\t<blockquote class=\"blockquote quote\">Nagyon hasznos volt az elm\u00falt k\u00e9t \u00e9v. Sokat fejl\u0151d\u00f6tt a kisl\u00e1nyom nyelvi tud\u00e1sa \u00e9s az \u00e9rdekl\u0151d\u00e9se is fel\u00e9bredt a nyelv ir\u00e1nt.<\/blockquote>\n\t\t\t\t\t\t\t\t<div class=\"client\">\n\t\t\t\t\t\t\t\t\t<div class=\"name\">Sarah<\/div>\n\t\t\t\t\t\t\t\t\t<div class=\"location\">Fgura, M\u00e1lta<\/div>\n\t\t\t\t\t\t\t\t<\/div>\n\t\t\t\t\t\t\t<\/div>\n\t\t\t\t\t\t\t\t\t\t\t\t\t<div class=\"testimonial\">\n\t\t\t\t\t\t\t\t<i class=\"fas fa-quote-left\"><\/i>\n\t\t\t\t\t\t\t\t<blockquote class=\"blockquote quote\">Was looking for an online class to have my 7 year old daughter take who had very minimal Hungarian knowledge. The teacher was amazing in providing exciting topics for the kids to learn and understand. My daughter ended the spring session recognizing over 100 words and starting to reply to questions in Hungarian. Cannot wait to continue!<\/blockquote>\n\t\t\t\t\t\t\t\t<div class=\"client\">\n\t\t\t\t\t\t\t\t\t<div class=\"name\">Jessica<\/div>\n\t\t\t\t\t\t\t\t\t<div class=\"location\">Hellertown, PA, USA<\/div>\n\t\t\t\t\t\t\t\t<\/div>\n\t\t\t\t\t\t\t<\/div>\n\t\t\t\t\t\t\t\t\t\t\t\t\t<div class=\"testimonial\">\n\t\t\t\t\t\t\t\t<i class=\"fas fa-quote-left\"><\/i>\n\t\t\t\t\t\t\t\t<blockquote class=\"blockquote quote\">To any adult who is hesitant about signing up, don&#8217;t be! This will be my second year with the Magyar Iskola in the adult class. My teacher Rita Jakab has taught our class so many things about Hungary that I never got to learn from my family. Her teaching style is the reason I am still here. No dry\/boring material. We have fun every single class. Scared of making mistakes or getting singled out? Not in Rita&#8217;s class! K\u00f6sz\u00f6n\u00f6m for having such a Szuper Iskola!<\/blockquote>\n\t\t\t\t\t\t\t\t<div class=\"client\">\n\t\t\t\t\t\t\t\t\t<div class=\"name\">Darcie<\/div>\n\t\t\t\t\t\t\t\t\t<div class=\"location\">NC, USA<\/div>\n\t\t\t\t\t\t\t\t<\/div>\n\t\t\t\t\t\t\t<\/div>\n\t\t\t\t\t\t\t\t\t\t\t<\/div>\n\t\t\t\t<\/div>\n\t\t\t\t<div class=\"col-12 section__footer\">\n\t\t\t\t\t\t\t\t\t<\/div>\n\t\t\t<\/div>\n\t\t<\/div>\n\t<\/div>\n\n\n<div id=\"\" class=\"section section--acf-block section--acf-block-text-with-media\">\n    <div class=\"section__background\">\n\t\t    <\/div>\n    <div class=\"container pl-0 pr-0\">\n        <div class=\"row\">\n\t\t\t            <div class=\"col-12\">\n                <div class=\"section__heading\">\n\t\t\t\t\t<div class=\"wrap text-center\"><h2>Tremb\u00e1cz \u00c9va Zsuzsa (\u00edr\u00f3, \u00fajs\u00e1g\u00edr\u00f3)<\/h2><div class=\"lead\"><p>Guangzhou, K\u00edna<\/p>\n<\/div><\/div>                <\/div>\n                <div class=\"section__content\">\n\t\t\t\t\t<div style=\"width: 1920px;\" class=\"wp-video\"><video class=\"wp-video-shortcode\" id=\"video-1391-1\" width=\"1920\" height=\"1080\" preload=\"metadata\" controls=\"controls\"><source type=\"video\/mp4\" src=\"https:\/\/onlinemagyariskola.com\/web\/wp-content\/uploads\/2020\/01\/Skype_Video.mp4?_=1\" \/><a href=\"https:\/\/onlinemagyariskola.com\/web\/wp-content\/uploads\/2020\/01\/Skype_Video.mp4\">https:\/\/onlinemagyariskola.com\/web\/wp-content\/uploads\/2020\/01\/Skype_Video.mp4<\/a><\/video><\/div>\n                <\/div>\n                <div class=\"section__footer\">\n\t\t\t\t\t                <\/div>\n            <\/div>\n        <\/div>\n    <\/div>\n<\/div>\n\n\n\n<figure class=\"wp-block-video\"><video height=\"720\" style=\"aspect-ratio: 1280 \/ 720;\" width=\"1280\" controls src=\"https:\/\/onlinemagyariskola.com\/web\/wp-content\/uploads\/2020\/01\/IMG_2236.mov\"><\/video><figcaption>Sophia,  Wake Forest , NC, USA<\/figcaption><\/figure>\n\n\n\n<figure class=\"wp-block-video\"><video height=\"1080\" style=\"aspect-ratio: 1920 \/ 1080;\" width=\"1920\" controls src=\"https:\/\/onlinemagyariskola.com\/web\/wp-content\/uploads\/2020\/01\/Skype_Video2.mp4\"><\/video><figcaption>L\u00e9na,  Guangzhou, K\u00edna<\/figcaption><\/figure>\n","protected":false},"excerpt":{"rendered":"","protected":false},"author":3,"featured_media":0,"parent":1382,"menu_order":2,"comment_status":"closed","ping_status":"closed","template":"","meta":{"_exactmetrics_skip_tracking":false,"_exactmetrics_sitenote_active":false,"_exactmetrics_sitenote_note":"","_exactmetrics_sitenote_category":0,"footnotes":""},"class_list":["post-1391","page","type-page","status-publish","hentry"],"acf":[],"yoast_head":"<!-- This site is optimized with the Yoast SEO plugin v26.9 - https:\/\/yoast.com\/product\/yoast-seo-wordpress\/ -->\n<title>R\u00f3lunk mondt\u00e1k - Online Magyar Iskola<\/title>\n<meta name=\"robots\" content=\"index, follow, max-snippet:-1, max-image-preview:large, max-video-preview:-1\" \/>\n<link rel=\"canonical\" href=\"https:\/\/onlinemagyariskola.com\/web\/magunkrol\/rolunk-mondtak\" \/>\n<meta property=\"og:locale\" content=\"en_US\" \/>\n<meta property=\"og:type\" content=\"article\" \/>\n<meta property=\"og:title\" content=\"R\u00f3lunk mondt\u00e1k - Online Magyar Iskola\" \/>\n<meta property=\"og:url\" content=\"https:\/\/onlinemagyariskola.com\/web\/magunkrol\/rolunk-mondtak\" \/>\n<meta property=\"og:site_name\" content=\"Online Magyar Iskola\" \/>\n<meta property=\"article:modified_time\" content=\"2020-02-02T14:20:59+00:00\" \/>\n<meta property=\"og:image\" content=\"https:\/\/onlinemagyariskola.com\/web\/wp-content\/uploads\/2019\/12\/BeFunky-collage-scaled.jpg\" \/>\n\t<meta property=\"og:image:width\" content=\"2560\" \/>\n\t<meta property=\"og:image:height\" content=\"1707\" \/>\n\t<meta property=\"og:image:type\" content=\"image\/jpeg\" \/>\n<meta name=\"twitter:card\" content=\"summary_large_image\" \/>\n<script type=\"application\/ld+json\" class=\"yoast-schema-graph\">{\"@context\":\"https:\/\/schema.org\",\"@graph\":[{\"@type\":\"WebPage\",\"@id\":\"https:\/\/onlinemagyariskola.com\/web\/magunkrol\/rolunk-mondtak\",\"url\":\"https:\/\/onlinemagyariskola.com\/web\/magunkrol\/rolunk-mondtak\",\"name\":\"R\u00f3lunk mondt\u00e1k - Online Magyar Iskola\",\"isPartOf\":{\"@id\":\"https:\/\/onlinemagyariskola.com\/web\/#website\"},\"datePublished\":\"2019-12-16T15:40:16+00:00\",\"dateModified\":\"2020-02-02T14:20:59+00:00\",\"breadcrumb\":{\"@id\":\"https:\/\/onlinemagyariskola.com\/web\/magunkrol\/rolunk-mondtak#breadcrumb\"},\"inLanguage\":\"en-US\",\"potentialAction\":[{\"@type\":\"ReadAction\",\"target\":[\"https:\/\/onlinemagyariskola.com\/web\/magunkrol\/rolunk-mondtak\"]}]},{\"@type\":\"BreadcrumbList\",\"@id\":\"https:\/\/onlinemagyariskola.com\/web\/magunkrol\/rolunk-mondtak#breadcrumb\",\"itemListElement\":[{\"@type\":\"ListItem\",\"position\":1,\"name\":\"Home\",\"item\":\"https:\/\/onlinemagyariskola.com\/web\/\"},{\"@type\":\"ListItem\",\"position\":2,\"name\":\"Magunkr\u00f3l\",\"item\":\"https:\/\/onlinemagyariskola.com\/web\/magunkrol\"},{\"@type\":\"ListItem\",\"position\":3,\"name\":\"R\u00f3lunk mondt\u00e1k\"}]},{\"@type\":\"WebSite\",\"@id\":\"https:\/\/onlinemagyariskola.com\/web\/#website\",\"url\":\"https:\/\/onlinemagyariskola.com\/web\/\",\"name\":\"Online Magyar Iskola\",\"description\":\"Your SUPER-powered WP Engine Blog\",\"potentialAction\":[{\"@type\":\"SearchAction\",\"target\":{\"@type\":\"EntryPoint\",\"urlTemplate\":\"https:\/\/onlinemagyariskola.com\/web\/?s={search_term_string}\"},\"query-input\":{\"@type\":\"PropertyValueSpecification\",\"valueRequired\":true,\"valueName\":\"search_term_string\"}}],\"inLanguage\":\"en-US\"}]}<\/script>\n<!-- \/ Yoast SEO plugin. -->","yoast_head_json":{"title":"R\u00f3lunk mondt\u00e1k - Online Magyar Iskola","robots":{"index":"index","follow":"follow","max-snippet":"max-snippet:-1","max-image-preview":"max-image-preview:large","max-video-preview":"max-video-preview:-1"},"canonical":"https:\/\/onlinemagyariskola.com\/web\/magunkrol\/rolunk-mondtak","og_locale":"en_US","og_type":"article","og_title":"R\u00f3lunk mondt\u00e1k - Online Magyar Iskola","og_url":"https:\/\/onlinemagyariskola.com\/web\/magunkrol\/rolunk-mondtak","og_site_name":"Online Magyar Iskola","article_modified_time":"2020-02-02T14:20:59+00:00","og_image":[{"width":2560,"height":1707,"url":"https:\/\/onlinemagyariskola.com\/web\/wp-content\/uploads\/2019\/12\/BeFunky-collage-scaled.jpg","type":"image\/jpeg"}],"twitter_card":"summary_large_image","schema":{"@context":"https:\/\/schema.org","@graph":[{"@type":"WebPage","@id":"https:\/\/onlinemagyariskola.com\/web\/magunkrol\/rolunk-mondtak","url":"https:\/\/onlinemagyariskola.com\/web\/magunkrol\/rolunk-mondtak","name":"R\u00f3lunk mondt\u00e1k - Online Magyar Iskola","isPartOf":{"@id":"https:\/\/onlinemagyariskola.com\/web\/#website"},"datePublished":"2019-12-16T15:40:16+00:00","dateModified":"2020-02-02T14:20:59+00:00","breadcrumb":{"@id":"https:\/\/onlinemagyariskola.com\/web\/magunkrol\/rolunk-mondtak#breadcrumb"},"inLanguage":"en-US","potentialAction":[{"@type":"ReadAction","target":["https:\/\/onlinemagyariskola.com\/web\/magunkrol\/rolunk-mondtak"]}]},{"@type":"BreadcrumbList","@id":"https:\/\/onlinemagyariskola.com\/web\/magunkrol\/rolunk-mondtak#breadcrumb","itemListElement":[{"@type":"ListItem","position":1,"name":"Home","item":"https:\/\/onlinemagyariskola.com\/web\/"},{"@type":"ListItem","position":2,"name":"Magunkr\u00f3l","item":"https:\/\/onlinemagyariskola.com\/web\/magunkrol"},{"@type":"ListItem","position":3,"name":"R\u00f3lunk mondt\u00e1k"}]},{"@type":"WebSite","@id":"https:\/\/onlinemagyariskola.com\/web\/#website","url":"https:\/\/onlinemagyariskola.com\/web\/","name":"Online Magyar Iskola","description":"Your SUPER-powered WP Engine Blog","potentialAction":[{"@type":"SearchAction","target":{"@type":"EntryPoint","urlTemplate":"https:\/\/onlinemagyariskola.com\/web\/?s={search_term_string}"},"query-input":{"@type":"PropertyValueSpecification","valueRequired":true,"valueName":"search_term_string"}}],"inLanguage":"en-US"}]}},"_links":{"self":[{"href":"https:\/\/onlinemagyariskola.com\/web\/wp-json\/wp\/v2\/pages\/1391","targetHints":{"allow":["GET"]}}],"collection":[{"href":"https:\/\/onlinemagyariskola.com\/web\/wp-json\/wp\/v2\/pages"}],"about":[{"href":"https:\/\/onlinemagyariskola.com\/web\/wp-json\/wp\/v2\/types\/page"}],"author":[{"embeddable":true,"href":"https:\/\/onlinemagyariskola.com\/web\/wp-json\/wp\/v2\/users\/3"}],"replies":[{"embeddable":true,"href":"https:\/\/onlinemagyariskola.com\/web\/wp-json\/wp\/v2\/comments?post=1391"}],"version-history":[{"count":9,"href":"https:\/\/onlinemagyariskola.com\/web\/wp-json\/wp\/v2\/pages\/1391\/revisions"}],"predecessor-version":[{"id":2226,"href":"https:\/\/onlinemagyariskola.com\/web\/wp-json\/wp\/v2\/pages\/1391\/revisions\/2226"}],"up":[{"embeddable":true,"href":"https:\/\/onlinemagyariskola.com\/web\/wp-json\/wp\/v2\/pages\/1382"}],"wp:attachment":[{"href":"https:\/\/onlinemagyariskola.com\/web\/wp-json\/wp\/v2\/media?parent=1391"}],"curies":[{"name":"wp","href":"https:\/\/api.w.org\/{rel}","templated":true}]}}