{"id":1382,"date":"2019-12-16T15:37:36","date_gmt":"2019-12-16T15:37:36","guid":{"rendered":"https:\/\/onlinemagyariskola.com\/web\/magunkrol"},"modified":"2024-09-07T15:49:44","modified_gmt":"2024-09-07T19:49:44","slug":"magunkrol","status":"publish","type":"page","link":"https:\/\/onlinemagyariskola.com\/web\/magunkrol","title":{"rendered":"Magunkr\u00f3l"},"content":{"rendered":"\n<p>Az Online Magyar Iskola (OMI) 2009 \u00f3ta seg\u00edti a k\u00fclf\u00f6ld\u00f6n \u00e9l\u0151 magyar csal\u00e1dokat a magyar nyelv \u00e9s kult\u00fara tov\u00e1bbad\u00e1s\u00e1ban, valamint a gyerekekkel val\u00f3 megszerettet\u00e9s\u00e9ben. Internetes iskol\u00e1nkat eredetileg az USA \u00c9szak- \u00e9s D\u00e9l-Karolina \u00e1llamaiban \u00e9l\u0151 gyerekeknek ind\u00edtottuk, mivel a nagy t\u00e1vols\u00e1gok miatt hagyom\u00e1nyos h\u00e9tv\u00e9gi magyar iskola l\u00e9trehoz\u00e1s\u00e1ra nem volt lehet\u0151s\u00e9g\u00fcnk. N\u00e9h\u00e1ny lelkes pedag\u00f3gus anyuka szeretett volna saj\u00e1t \u00e9s a helyi magyar k\u00f6z\u00f6ss\u00e9g gyermekei sz\u00e1m\u00e1ra magyar tanul\u00e1si lehet\u0151s\u00e9get biztos\u00edtani. Az \u00e9vek sor\u00e1n egyre t\u00f6bben csatlakoztak hozz\u00e1nk m\u00e1s \u00e1llamokb\u00f3l, majd k\u00fclf\u00f6ldr\u0151l is. A vil\u00e1g \u00f6t kontinens\u00e9r\u0151l, t\u00f6bb mint 50 orsz\u00e1gb\u00f3l voltak m\u00e1r tanul\u00f3ink. Az OMI egy olyan alulr\u00f3l j\u00f6v\u0151 kezdem\u00e9nyez\u00e9s, melyet az\u00f3ta is a sz\u00fcl\u0151k lelkes t\u00e1mogat\u00e1sa \u00e9s a tan\u00e1rok elk\u00f6telezetts\u00e9ge visz el\u0151re.\u00a0<\/p>\n","protected":false},"excerpt":{"rendered":"<p>Az Online Magyar Iskola (OMI) 2009 \u00f3ta seg\u00edti a k\u00fclf\u00f6ld\u00f6n [&hellip;]<\/p>\n","protected":false},"author":3,"featured_media":0,"parent":0,"menu_order":1,"comment_status":"closed","ping_status":"closed","template":"","meta":{"_exactmetrics_skip_tracking":false,"_exactmetrics_sitenote_active":false,"_exactmetrics_sitenote_note":"","_exactmetrics_sitenote_category":0,"footnotes":""},"class_list":["post-1382","page","type-page","status-publish","hentry"],"acf":[],"yoast_head":"<!-- This site is optimized with the Yoast SEO plugin v26.9 - https:\/\/yoast.com\/product\/yoast-seo-wordpress\/ -->\n<title>Magunkr\u00f3l - Online Magyar Iskola<\/title>\n<meta name=\"robots\" content=\"index, follow, max-snippet:-1, max-image-preview:large, max-video-preview:-1\" \/>\n<link rel=\"canonical\" href=\"https:\/\/onlinemagyariskola.com\/web\/magunkrol\" \/>\n<meta property=\"og:locale\" content=\"en_US\" \/>\n<meta property=\"og:type\" content=\"article\" \/>\n<meta property=\"og:title\" content=\"Magunkr\u00f3l - Online Magyar Iskola\" \/>\n<meta property=\"og:description\" content=\"Az Online Magyar Iskola (OMI) 2009 \u00f3ta seg\u00edti a k\u00fclf\u00f6ld\u00f6n [&hellip;]\" \/>\n<meta property=\"og:url\" content=\"https:\/\/onlinemagyariskola.com\/web\/magunkrol\" \/>\n<meta property=\"og:site_name\" content=\"Online Magyar Iskola\" \/>\n<meta property=\"article:modified_time\" content=\"2024-09-07T19:49:44+00:00\" \/>\n<meta property=\"og:image\" content=\"https:\/\/onlinemagyariskola.com\/web\/wp-content\/uploads\/2019\/12\/BeFunky-collage-scaled.jpg\" \/>\n\t<meta property=\"og:image:width\" content=\"2560\" \/>\n\t<meta property=\"og:image:height\" content=\"1707\" \/>\n\t<meta property=\"og:image:type\" content=\"image\/jpeg\" \/>\n<meta name=\"twitter:card\" content=\"summary_large_image\" \/>\n<meta name=\"twitter:label1\" content=\"Est. reading time\" \/>\n\t<meta name=\"twitter:data1\" content=\"1 minute\" \/>\n<script type=\"application\/ld+json\" class=\"yoast-schema-graph\">{\"@context\":\"https:\/\/schema.org\",\"@graph\":[{\"@type\":\"WebPage\",\"@id\":\"https:\/\/onlinemagyariskola.com\/web\/magunkrol\",\"url\":\"https:\/\/onlinemagyariskola.com\/web\/magunkrol\",\"name\":\"Magunkr\u00f3l - Online Magyar Iskola\",\"isPartOf\":{\"@id\":\"https:\/\/onlinemagyariskola.com\/web\/#website\"},\"datePublished\":\"2019-12-16T15:37:36+00:00\",\"dateModified\":\"2024-09-07T19:49:44+00:00\",\"breadcrumb\":{\"@id\":\"https:\/\/onlinemagyariskola.com\/web\/magunkrol#breadcrumb\"},\"inLanguage\":\"en-US\",\"potentialAction\":[{\"@type\":\"ReadAction\",\"target\":[\"https:\/\/onlinemagyariskola.com\/web\/magunkrol\"]}]},{\"@type\":\"BreadcrumbList\",\"@id\":\"https:\/\/onlinemagyariskola.com\/web\/magunkrol#breadcrumb\",\"itemListElement\":[{\"@type\":\"ListItem\",\"position\":1,\"name\":\"Home\",\"item\":\"https:\/\/onlinemagyariskola.com\/web\/\"},{\"@type\":\"ListItem\",\"position\":2,\"name\":\"Magunkr\u00f3l\"}]},{\"@type\":\"WebSite\",\"@id\":\"https:\/\/onlinemagyariskola.com\/web\/#website\",\"url\":\"https:\/\/onlinemagyariskola.com\/web\/\",\"name\":\"Online Magyar Iskola\",\"description\":\"Your SUPER-powered WP Engine Blog\",\"potentialAction\":[{\"@type\":\"SearchAction\",\"target\":{\"@type\":\"EntryPoint\",\"urlTemplate\":\"https:\/\/onlinemagyariskola.com\/web\/?s={search_term_string}\"},\"query-input\":{\"@type\":\"PropertyValueSpecification\",\"valueRequired\":true,\"valueName\":\"search_term_string\"}}],\"inLanguage\":\"en-US\"}]}<\/script>\n<!-- \/ Yoast SEO plugin. -->","yoast_head_json":{"title":"Magunkr\u00f3l - Online Magyar Iskola","robots":{"index":"index","follow":"follow","max-snippet":"max-snippet:-1","max-image-preview":"max-image-preview:large","max-video-preview":"max-video-preview:-1"},"canonical":"https:\/\/onlinemagyariskola.com\/web\/magunkrol","og_locale":"en_US","og_type":"article","og_title":"Magunkr\u00f3l - Online Magyar Iskola","og_description":"Az Online Magyar Iskola (OMI) 2009 \u00f3ta seg\u00edti a k\u00fclf\u00f6ld\u00f6n [&hellip;]","og_url":"https:\/\/onlinemagyariskola.com\/web\/magunkrol","og_site_name":"Online Magyar Iskola","article_modified_time":"2024-09-07T19:49:44+00:00","og_image":[{"width":2560,"height":1707,"url":"https:\/\/onlinemagyariskola.com\/web\/wp-content\/uploads\/2019\/12\/BeFunky-collage-scaled.jpg","type":"image\/jpeg"}],"twitter_card":"summary_large_image","twitter_misc":{"Est. reading time":"1 minute"},"schema":{"@context":"https:\/\/schema.org","@graph":[{"@type":"WebPage","@id":"https:\/\/onlinemagyariskola.com\/web\/magunkrol","url":"https:\/\/onlinemagyariskola.com\/web\/magunkrol","name":"Magunkr\u00f3l - Online Magyar Iskola","isPartOf":{"@id":"https:\/\/onlinemagyariskola.com\/web\/#website"},"datePublished":"2019-12-16T15:37:36+00:00","dateModified":"2024-09-07T19:49:44+00:00","breadcrumb":{"@id":"https:\/\/onlinemagyariskola.com\/web\/magunkrol#breadcrumb"},"inLanguage":"en-US","potentialAction":[{"@type":"ReadAction","target":["https:\/\/onlinemagyariskola.com\/web\/magunkrol"]}]},{"@type":"BreadcrumbList","@id":"https:\/\/onlinemagyariskola.com\/web\/magunkrol#breadcrumb","itemListElement":[{"@type":"ListItem","position":1,"name":"Home","item":"https:\/\/onlinemagyariskola.com\/web\/"},{"@type":"ListItem","position":2,"name":"Magunkr\u00f3l"}]},{"@type":"WebSite","@id":"https:\/\/onlinemagyariskola.com\/web\/#website","url":"https:\/\/onlinemagyariskola.com\/web\/","name":"Online Magyar Iskola","description":"Your SUPER-powered WP Engine Blog","potentialAction":[{"@type":"SearchAction","target":{"@type":"EntryPoint","urlTemplate":"https:\/\/onlinemagyariskola.com\/web\/?s={search_term_string}"},"query-input":{"@type":"PropertyValueSpecification","valueRequired":true,"valueName":"search_term_string"}}],"inLanguage":"en-US"}]}},"_links":{"self":[{"href":"https:\/\/onlinemagyariskola.com\/web\/wp-json\/wp\/v2\/pages\/1382","targetHints":{"allow":["GET"]}}],"collection":[{"href":"https:\/\/onlinemagyariskola.com\/web\/wp-json\/wp\/v2\/pages"}],"about":[{"href":"https:\/\/onlinemagyariskola.com\/web\/wp-json\/wp\/v2\/types\/page"}],"author":[{"embeddable":true,"href":"https:\/\/onlinemagyariskola.com\/web\/wp-json\/wp\/v2\/users\/3"}],"replies":[{"embeddable":true,"href":"https:\/\/onlinemagyariskola.com\/web\/wp-json\/wp\/v2\/comments?post=1382"}],"version-history":[{"count":7,"href":"https:\/\/onlinemagyariskola.com\/web\/wp-json\/wp\/v2\/pages\/1382\/revisions"}],"predecessor-version":[{"id":4352,"href":"https:\/\/onlinemagyariskola.com\/web\/wp-json\/wp\/v2\/pages\/1382\/revisions\/4352"}],"wp:attachment":[{"href":"https:\/\/onlinemagyariskola.com\/web\/wp-json\/wp\/v2\/media?parent=1382"}],"curies":[{"name":"wp","href":"https:\/\/api.w.org\/{rel}","templated":true}]}}